{"id":1130,"date":"2024-11-25T12:03:24","date_gmt":"2024-11-25T12:03:24","guid":{"rendered":"https:\/\/southestonia.ee\/datenschutzrichtlinie\/"},"modified":"2026-05-14T12:12:47","modified_gmt":"2026-05-14T12:12:47","slug":"datenschutzrichtlinie","status":"publish","type":"page","link":"https:\/\/southestonia.ee\/de\/datenschutzrichtlinie\/","title":{"rendered":"Datenschutzrichtlinie"},"content":{"rendered":"\n<h2 class=\"wp-block-heading\"><strong>Datenschutzrichtlinie und Verarbeitung personenbezogener Daten<\/strong><\/h2>\n\n<p>Verantwortlicher f\u00fcr die Website Southestonia.ee ist:<\/p>\n\n<p>O\u00dc Puup\u00f5ld<\/p>\n\n<p>Reg.-Nr.: 12800208<\/p>\n\n<p>Estland, Gemeinde Valga, Dorf Raavitsa, 68112<\/p>\n\n<p>Schutz personenbezogener Daten<\/p>\n\n<p>Personenbezogene Daten sind Daten, die O\u00dc Puup\u00f5ld zur Erbringung der Dienstleistung, zur Identifizierung der Person, zur Kontaktaufnahme im Rahmen der Dienstleistungserbringung, zur Beantwortung von Fragen oder zum Versand von Werbeinhalten erhebt.<\/p>\n\n<p>O\u00dc Puup\u00f5ld verarbeitet keine sensiblen personenbezogenen Daten im Sinne der Verordnung (EU) 2016\/679 des Europ\u00e4ischen Parlaments und des Rates (englisch General Data Protection Regulation bzw. GDPR oder EU Regulation 2016\/679).<\/p>\n\n<p>O\u00dc Puup\u00f5ld verpflichtet sich, die personenbezogenen Daten von Kunden und Nutzern sowie deren Privatsph\u00e4re zu sch\u00fctzen. Die Online-T\u00e4tigkeit von O\u00dc Puup\u00f5ld erfolgt im Einklang mit allen einschl\u00e4gigen Bestimmungen sowie den geltenden Rechtsvorschriften der Europ\u00e4ischen Union und der Republik Estland, einschlie\u00dflich der Verordnung (EU) 2016\/679 des Europ\u00e4ischen Parlaments und des Rates. O\u00dc Puup\u00f5ld trifft alle Vorsichtsma\u00dfnahmen (einschlie\u00dflich administrativer, technischer und physischer Ma\u00dfnahmen) zum Schutz der erhobenen personenbezogenen Daten. Den Zugriff zur \u00c4nderung und Verarbeitung der Daten haben ausschlie\u00dflich dazu autorisierte Personen.<\/p>\n\n<p>Sicherheit<\/p>\n\n<p>Alle personenbezogenen Daten, die im Rahmen des Besuchs der Websites von O\u00dc Puup\u00f5ld bekannt werden, werden als vertrauliche Informationen behandelt.<\/p>\n\n<p>Nachfolgend die Grunds\u00e4tze der Datenschutzrichtlinie von O\u00dc Puup\u00f5ld zur Erhebung, Verarbeitung, Nutzung, Offenlegung, \u00dcbermittlung, \u00c4nderung, zum Vergessen und zur L\u00f6schung personenbezogener Daten.<\/p>\n\n<p>Die genannten Grunds\u00e4tze gelten nicht f\u00fcr die Verarbeitung von Daten juristischer Personen und anderer Unternehmen\/Einrichtungen und umfassen auch nicht die Verarbeitung personenbezogener Daten auf Websites\/Diensteumgebungen, auf die auf unseren Websites\/Diensteumgebungen verwiesen wird (externe Links).<\/p>\n\n<p>Die das Unternehmen vertretende Person (als Auftraggeber der Dienstleistung) ist keine nat\u00fcrliche Person; es handelt sich um einen bevollm\u00e4chtigten Vertreter einer juristischen Person, dessen Verarbeitung personenbezogener Daten nicht durch die Verordnung (EU) 2016\/679 des Europ\u00e4ischen Parlaments und des Rates geregelt wird.<\/p>\n\n<ol class=\"wp-block-list\">\n<li>Welche Daten werden erhoben?<\/li>\n<\/ol>\n\n<ul class=\"wp-block-list\">\n<li>Beim Besuch der Websites werden anonymisierte technische Daten \u00fcber die Besucher erhoben.<\/li>\n\n\n\n<li>Die technischen Daten beschr\u00e4nken sich auf die Internetadresse (IP-Adresse) des verwendeten Computers oder Computernetzwerks, die Software-Version des Browsers und Betriebssystems, die Besuchszeit (Uhrzeit, Datum, Jahr) und den Ort. IP-Adressen werden nicht mit personenidentifizierbaren Informationen verkn\u00fcpft.<\/li>\n\n\n\n<li>Daten zu Website-Besuchen und Verweildauer werden erhoben, um die Websites und Diensteumgebungen darauf basierend zu verbessern und f\u00fcr Besucher komfortabler zu gestalten.<\/li>\n\n\n\n<li>Zur Erhebung der oben genannten Daten verwenden wir das automatisierte Tool Google Analytics. Wenn Sie die \u00dcbermittlung dieser Daten \u00fcber sich nicht w\u00fcnschen, k\u00f6nnen Sie die Datenerhebung durch Google Analytics jederzeit deaktivieren, wie <a href=\"https:\/\/tools.google.com\/dlpage\/gaoptout\/\" target=\"_blank\" rel=\"noreferrer noopener\">hier<\/a> beschrieben.<\/li>\n\n\n\n<li>Bei nat\u00fcrlichen Personen werden bei Bedarf zur eindeutigen Identifizierung die pers\u00f6nliche Kennnummer, zur Kommunikation Name, E-Mail-Adresse, Mobiltelefonnummer, Wohnort und Land erhoben.<\/li>\n\n\n\n<li>Zur Verarbeitung der Daten juristischer Personen erheben wir die Registernummer, USt-IdNr., Name, Land, Adresse, E-Mail-Adressen f\u00fcr die Kontaktaufnahme und den Rechnungsversand sowie die Namen, E-Mail-Adressen und Kontakttelefonnummern der das Unternehmen vertretenden Kontaktpersonen.<\/li>\n\n\n\n<li>Bei per E-Mail versendeten Marketingnachrichten k\u00f6nnen wir Informationen zu Ihrer Interaktion erfassen, beispielsweise ob Sie die E-Mail ge\u00f6ffnet haben, welche Links Sie anklicken, welche Ger\u00e4te Sie daf\u00fcr verwenden und welche technischen Eigenschaften diese aufweisen. Diese Informationen werden im Verlauf jedes Kontakts gespeichert.<\/li>\n\n\n\n<li>Befinden Sie sich in der Kontaktdatenbank von O\u00dc Puup\u00f5ld, k\u00f6nnen wir Ihren Namen und Ihre E-Mail-Adresse oder Mobiltelefonnummer auch zu Marketingzwecken in sozialen Medien und im Online-Marketing (Facebook, Instagram, Google) verarbeiten. Zu diesen Zwecken verarbeiten wir Ihre personenbezogenen Daten 5 Jahre ab Aufnahme Ihres Kontakts in die Kontaktdatenbank. O\u00dc Puup\u00f5ld hat ein berechtigtes Interesse (DSGVO Art. 6 Abs. 1 lit. f), Marketingkommunikation an seine Kontakte zu senden, um die Gesch\u00e4ftsbeziehung mit ihnen aufrechtzuerhalten.<\/li>\n<\/ul>\n\n<p>Personenbezogene Daten, die im Rahmen der Dienstleistung in die Umgebung von O\u00dc Puup\u00f5ld hochgeladen und von Kunden von O\u00dc Puup\u00f5ld verarbeitet werden, sind durch die Vertraulichkeitspflicht gesch\u00fctzt, die mit der Unterzeichnung des Dienstleistungsvertrags durch den Kunden in Kraft tritt.<\/p>\n\n<p>Bei den in diesem Unterabschnitt aufgef\u00fchrten Zwecken der Verarbeitung personenbezogener Daten haben Mitarbeiter von O\u00dc Puup\u00f5ld Zugriff auf die Daten, die bei der Verarbeitung Ihrer Daten alle Sicherheitsma\u00dfnahmen anwenden.<\/p>\n\n<p>Die Einwilligung zur Erhebung der mit der Dienstleistung verbundenen und f\u00fcr sie erforderlichen personenbezogenen Daten wird vom Auftraggeber im Moment der Bestellung der Dienstleistung erteilt. Mit der Bestellung der Dienstleistung gilt die Einwilligung mit dem entsprechenden Zeitstempel als erteilt.<\/p>\n\n<ol start=\"2\" class=\"wp-block-list\">\n<li>Wie lange werden die erhobenen Daten gespeichert?<\/li>\n<\/ol>\n\n<p>Anonymisierte technische Daten, die auf Websites und in Diensteumgebungen erhoben werden, werden unbefristet gespeichert.<\/p>\n\n<p>Personenbezogene Daten im Zusammenhang mit personalisierten Anfragen und\/oder Transaktionen werden bis zu 7 Jahre nach der letzten Interaktion mit dem Dienstleister gespeichert, basierend auf der Verpflichtung zum Nachweis von Transaktionen aus dem Buchhaltungsgesetz. Als Interaktion gilt unter anderem die Reaktion auf Direktmarketing durch Anzeige oder Klick auf einen Link.<\/p>\n\n<ol start=\"3\" class=\"wp-block-list\">\n<li>An wen k\u00f6nnen die erhobenen Daten weitergegeben werden?<\/li>\n<\/ol>\n\n<p>Von O\u00dc Puup\u00f5ld verarbeitete personenbezogene Daten d\u00fcrfen ohne Einwilligung der Person ausschlie\u00dflich an Beh\u00f6rden oder Personen weitergegeben werden, die hierzu eine direkte gesetzliche Berechtigung (z. B. Gericht oder Ermittlungsbeh\u00f6rde) und einen begr\u00fcndeten Bedarf haben.<\/p>\n\n<p>Personenbezogene Daten, die im Rahmen der Dienstleistung von O\u00dc Puup\u00f5ld von Kunden verarbeitet werden, gelten als vertraulich, und das Recht zur Verarbeitung, Ver\u00f6ffentlichung oder \u00dcbermittlung dieser Daten liegt ausschlie\u00dflich im Verantwortungsbereich des Dateneigent\u00fcmers (Kunden).<\/p>\n\n<p>Auf Bestellung des Kunden leistet O\u00dc Puup\u00f5ld technische Hilfe bei der Datenverarbeitung, jedoch \u00e4ndert dies nichts am Eigentums- und Verantwortungsverh\u00e4ltnis der Daten.<\/p>\n\n<ol start=\"4\" class=\"wp-block-list\">\n<li>Welche Rechte hat die Person an den erhobenen Daten?<\/li>\n<\/ol>\n\n<p>Recht auf Einsicht, Berichtigung und Beendigung der Verarbeitung der eigenen Daten.<\/p>\n\n<p>Personenbezogene Daten werden standardm\u00e4\u00dfig nicht offengelegt, es sei denn, hierf\u00fcr liegt eine entsprechende Best\u00e4tigung vor (Teilnahme an Schulungen \/ Seminaren \/ Konferenzen).<\/p>\n\n<p>Wenn personenbezogene Daten nicht \u00e4nderbar, zug\u00e4nglich oder auf der Website oder in den Diensteumgebungen ver\u00f6ffentlicht sind, ist uns ein Antrag auf Erhalt oder Berichtigung der Daten in identifizierbarer Form vorzulegen. Nach M\u00f6glichkeit werden die Daten innerhalb von 7 Werktagen ausgeh\u00e4ndigt oder berichtigt.<\/p>\n\n<p>Wenn Sie auf Direktmarketing-Angebote zu allen oder einigen Themen verzichten m\u00f6chten, k\u00f6nnen Sie dies sofort \u00fcber den Link in der Fu\u00dfzeile jeder versendeten Marketing-E-Mail tun. Die \u00c4nderung tritt sofort in Kraft.<\/p>\n\n<p>Besteht keine gesetzliche Grundlage (mehr) f\u00fcr die Verarbeitung, Offenlegung oder den Zugriff auf personenbezogene Daten, kann die Beendigung der Datennutzung oder L\u00f6schung sowie die Beendigung der Offenlegung der Daten oder des Zugriffs darauf gefordert werden. Hierzu ist ein Antrag in identifizierbarer Form einzureichen.<\/p>\n\n<p>Dem Antrag wird nicht stattgegeben, wenn:<\/p>\n\n<ul class=\"wp-block-list\">\n<li>dies die Rechte und Freiheiten einer anderen Person beeintr\u00e4chtigen k\u00f6nnte,<\/li>\n\n\n\n<li>dies die Erbringung oder Nichterbringung der Dienstleistung behindern k\u00f6nnte,<\/li>\n\n\n\n<li>dies die Arbeit der Strafverfolgungsbeh\u00f6rden behindern k\u00f6nnte,<\/li>\n\n\n\n<li>dies technisch nicht erforderlich und\/oder nicht m\u00f6glich ist.<\/li>\n\n\n\n<li>die antragstellende Person rechtlich nicht mit den Daten verbunden ist.<\/li>\n\n\n\n<li>die Identit\u00e4t des Antragstellers nicht festgestellt werden kann.<\/li>\n<\/ul>\n\n<p><strong>Beispiele<\/strong>:<\/p>\n\n<p>\u2013 Eine E-Mail-Adresse kann nicht gel\u00f6scht werden, wenn Sie keine Direktmarketing-Angebote mehr dar\u00fcber erhalten m\u00f6chten. Um diesem Wunsch nachzukommen, muss die E-Mail-Adresse erhalten bleiben, mit der abgeglichen werden kann \u2013 damit kein Schreiben gesendet wird.<\/p>\n\n<p>\u2013 Aus dem CRM k\u00f6nnen nicht alle Daten gel\u00f6scht werden, wenn keine weitere Kontaktaufnahme gew\u00fcnscht ist. Um diesem Wunsch nachzukommen, m\u00fcssen ausreichend Daten erhalten bleiben, mit denen abgeglichen werden kann \u2013 damit keine Kontaktaufnahme erfolgt.<\/p>\n\n<p>Bedingungen und \u00c4nderungen der Datenschutzrichtlinie<\/p>\n\n<p>Mit der Nutzung der Websites von O\u00dc Puup\u00f5ld haben Sie diese Grunds\u00e4tze und Bedingungen zur Kenntnis genommen und ihnen zugestimmt. Wir behalten uns das Recht vor, die allgemeinen Bedingungen der Datenschutzrichtlinie bei Bedarf zu \u00e4ndern und alle betroffenen Personen dar\u00fcber zu informieren.<\/p>\n","protected":false},"excerpt":{"rendered":"<p>Datenschutzrichtlinie und Verarbeitung personenbezogener Daten Verantwortlicher f\u00fcr die Website Southestonia.ee ist: O\u00dc Puup\u00f5ld Reg.-Nr.: 12800208 Estland, Gemeinde Valga, Dorf Raavitsa, 68112 Schutz personenbezogener Daten Personenbezogene Daten sind Daten, die O\u00dc Puup\u00f5ld zur Erbringung der Dienstleistung, zur Identifizierung der Person, zur Kontaktaufnahme im Rahmen der Dienstleistungserbringung, zur Beantwortung von Fragen oder zum Versand von Werbeinhalten erhebt. [&hellip;]<\/p>\n","protected":false},"author":3,"featured_media":0,"parent":0,"menu_order":0,"comment_status":"closed","ping_status":"open","template":"","meta":{"footnotes":""},"class_list":["post-1130","page","type-page","status-publish","hentry"],"yoast_head":"<!-- This site is optimized with the Yoast SEO plugin v27.5 - https:\/\/yoast.com\/product\/yoast-seo-wordpress\/ -->\n<title>Datenschutzrichtlinie - South Estonia<\/title>\n<meta name=\"robots\" content=\"noindex, nofollow\" \/>\n<meta property=\"og:locale\" content=\"de_DE\" \/>\n<meta property=\"og:type\" content=\"article\" \/>\n<meta property=\"og:title\" content=\"Datenschutzrichtlinie - South Estonia\" \/>\n<meta property=\"og:description\" content=\"Datenschutzrichtlinie und Verarbeitung personenbezogener Daten Verantwortlicher f\u00fcr die Website Southestonia.ee ist: O\u00dc Puup\u00f5ld Reg.-Nr.: 12800208 Estland, Gemeinde Valga, Dorf Raavitsa, 68112 Schutz personenbezogener Daten Personenbezogene Daten sind Daten, die O\u00dc Puup\u00f5ld zur Erbringung der Dienstleistung, zur Identifizierung der Person, zur Kontaktaufnahme im Rahmen der Dienstleistungserbringung, zur Beantwortung von Fragen oder zum Versand von Werbeinhalten erhebt. [&hellip;]\" \/>\n<meta property=\"og:url\" content=\"https:\/\/southestonia.ee\/de\/datenschutzrichtlinie\/\" \/>\n<meta property=\"og:site_name\" content=\"South Estonia\" \/>\n<meta property=\"article:modified_time\" content=\"2026-05-14T12:12:47+00:00\" \/>\n<meta name=\"twitter:card\" content=\"summary_large_image\" \/>\n<meta name=\"twitter:label1\" content=\"Gesch\u00e4tzte Lesezeit\" \/>\n\t<meta name=\"twitter:data1\" content=\"6\u00a0Minuten\" \/>\n<script type=\"application\/ld+json\" class=\"yoast-schema-graph\">{\"@context\":\"https:\\\/\\\/schema.org\",\"@graph\":[{\"@type\":\"WebPage\",\"@id\":\"https:\\\/\\\/southestonia.ee\\\/de\\\/datenschutzrichtlinie\\\/\",\"url\":\"https:\\\/\\\/southestonia.ee\\\/de\\\/datenschutzrichtlinie\\\/\",\"name\":\"Datenschutzrichtlinie - South Estonia\",\"isPartOf\":{\"@id\":\"https:\\\/\\\/southestonia.ee\\\/de\\\/#website\"},\"datePublished\":\"2024-11-25T12:03:24+00:00\",\"dateModified\":\"2026-05-14T12:12:47+00:00\",\"breadcrumb\":{\"@id\":\"https:\\\/\\\/southestonia.ee\\\/de\\\/datenschutzrichtlinie\\\/#breadcrumb\"},\"inLanguage\":\"de\",\"potentialAction\":[{\"@type\":\"ReadAction\",\"target\":[\"https:\\\/\\\/southestonia.ee\\\/de\\\/datenschutzrichtlinie\\\/\"]}]},{\"@type\":\"BreadcrumbList\",\"@id\":\"https:\\\/\\\/southestonia.ee\\\/de\\\/datenschutzrichtlinie\\\/#breadcrumb\",\"itemListElement\":[{\"@type\":\"ListItem\",\"position\":1,\"name\":\"Home\",\"item\":\"https:\\\/\\\/southestonia.ee\\\/de\\\/\"},{\"@type\":\"ListItem\",\"position\":2,\"name\":\"Datenschutzrichtlinie\"}]},{\"@type\":\"WebSite\",\"@id\":\"https:\\\/\\\/southestonia.ee\\\/de\\\/#website\",\"url\":\"https:\\\/\\\/southestonia.ee\\\/de\\\/\",\"name\":\"Southestonia.ee\",\"description\":\"\",\"publisher\":{\"@id\":\"https:\\\/\\\/southestonia.ee\\\/de\\\/#organization\"},\"potentialAction\":[{\"@type\":\"SearchAction\",\"target\":{\"@type\":\"EntryPoint\",\"urlTemplate\":\"https:\\\/\\\/southestonia.ee\\\/de\\\/?s={search_term_string}\"},\"query-input\":{\"@type\":\"PropertyValueSpecification\",\"valueRequired\":true,\"valueName\":\"search_term_string\"}}],\"inLanguage\":\"de\"},{\"@type\":\"Organization\",\"@id\":\"https:\\\/\\\/southestonia.ee\\\/de\\\/#organization\",\"name\":\"SouthEstonia\",\"url\":\"https:\\\/\\\/southestonia.ee\\\/de\\\/\",\"logo\":{\"@type\":\"ImageObject\",\"inLanguage\":\"de\",\"@id\":\"https:\\\/\\\/southestonia.ee\\\/de\\\/#\\\/schema\\\/logo\\\/image\\\/\",\"url\":\"\",\"contentUrl\":\"\",\"caption\":\"SouthEstonia\"},\"image\":{\"@id\":\"https:\\\/\\\/southestonia.ee\\\/de\\\/#\\\/schema\\\/logo\\\/image\\\/\"}}]}<\/script>\n<!-- \/ Yoast SEO plugin. -->","yoast_head_json":{"title":"Datenschutzrichtlinie - South Estonia","robots":{"index":"noindex","follow":"nofollow"},"og_locale":"de_DE","og_type":"article","og_title":"Datenschutzrichtlinie - South Estonia","og_description":"Datenschutzrichtlinie und Verarbeitung personenbezogener Daten Verantwortlicher f\u00fcr die Website Southestonia.ee ist: O\u00dc Puup\u00f5ld Reg.-Nr.: 12800208 Estland, Gemeinde Valga, Dorf Raavitsa, 68112 Schutz personenbezogener Daten Personenbezogene Daten sind Daten, die O\u00dc Puup\u00f5ld zur Erbringung der Dienstleistung, zur Identifizierung der Person, zur Kontaktaufnahme im Rahmen der Dienstleistungserbringung, zur Beantwortung von Fragen oder zum Versand von Werbeinhalten erhebt. [&hellip;]","og_url":"https:\/\/southestonia.ee\/de\/datenschutzrichtlinie\/","og_site_name":"South Estonia","article_modified_time":"2026-05-14T12:12:47+00:00","twitter_card":"summary_large_image","twitter_misc":{"Gesch\u00e4tzte Lesezeit":"6\u00a0Minuten"},"schema":{"@context":"https:\/\/schema.org","@graph":[{"@type":"WebPage","@id":"https:\/\/southestonia.ee\/de\/datenschutzrichtlinie\/","url":"https:\/\/southestonia.ee\/de\/datenschutzrichtlinie\/","name":"Datenschutzrichtlinie - South Estonia","isPartOf":{"@id":"https:\/\/southestonia.ee\/de\/#website"},"datePublished":"2024-11-25T12:03:24+00:00","dateModified":"2026-05-14T12:12:47+00:00","breadcrumb":{"@id":"https:\/\/southestonia.ee\/de\/datenschutzrichtlinie\/#breadcrumb"},"inLanguage":"de","potentialAction":[{"@type":"ReadAction","target":["https:\/\/southestonia.ee\/de\/datenschutzrichtlinie\/"]}]},{"@type":"BreadcrumbList","@id":"https:\/\/southestonia.ee\/de\/datenschutzrichtlinie\/#breadcrumb","itemListElement":[{"@type":"ListItem","position":1,"name":"Home","item":"https:\/\/southestonia.ee\/de\/"},{"@type":"ListItem","position":2,"name":"Datenschutzrichtlinie"}]},{"@type":"WebSite","@id":"https:\/\/southestonia.ee\/de\/#website","url":"https:\/\/southestonia.ee\/de\/","name":"Southestonia.ee","description":"","publisher":{"@id":"https:\/\/southestonia.ee\/de\/#organization"},"potentialAction":[{"@type":"SearchAction","target":{"@type":"EntryPoint","urlTemplate":"https:\/\/southestonia.ee\/de\/?s={search_term_string}"},"query-input":{"@type":"PropertyValueSpecification","valueRequired":true,"valueName":"search_term_string"}}],"inLanguage":"de"},{"@type":"Organization","@id":"https:\/\/southestonia.ee\/de\/#organization","name":"SouthEstonia","url":"https:\/\/southestonia.ee\/de\/","logo":{"@type":"ImageObject","inLanguage":"de","@id":"https:\/\/southestonia.ee\/de\/#\/schema\/logo\/image\/","url":"","contentUrl":"","caption":"SouthEstonia"},"image":{"@id":"https:\/\/southestonia.ee\/de\/#\/schema\/logo\/image\/"}}]}},"_links":{"self":[{"href":"https:\/\/southestonia.ee\/de\/wp-json\/wp\/v2\/pages\/1130","targetHints":{"allow":["GET"]}}],"collection":[{"href":"https:\/\/southestonia.ee\/de\/wp-json\/wp\/v2\/pages"}],"about":[{"href":"https:\/\/southestonia.ee\/de\/wp-json\/wp\/v2\/types\/page"}],"author":[{"embeddable":true,"href":"https:\/\/southestonia.ee\/de\/wp-json\/wp\/v2\/users\/3"}],"replies":[{"embeddable":true,"href":"https:\/\/southestonia.ee\/de\/wp-json\/wp\/v2\/comments?post=1130"}],"version-history":[{"count":1,"href":"https:\/\/southestonia.ee\/de\/wp-json\/wp\/v2\/pages\/1130\/revisions"}],"predecessor-version":[{"id":1131,"href":"https:\/\/southestonia.ee\/de\/wp-json\/wp\/v2\/pages\/1130\/revisions\/1131"}],"wp:attachment":[{"href":"https:\/\/southestonia.ee\/de\/wp-json\/wp\/v2\/media?parent=1130"}],"curies":[{"name":"wp","href":"https:\/\/api.w.org\/{rel}","templated":true}]}}