{"id":895,"date":"2024-11-25T12:03:24","date_gmt":"2024-11-25T12:03:24","guid":{"rendered":"https:\/\/southestonia.ee\/tietosuojakaytanto\/"},"modified":"2026-05-07T10:55:03","modified_gmt":"2026-05-07T10:55:03","slug":"tietosuojakaytanto","status":"publish","type":"page","link":"https:\/\/southestonia.ee\/fi\/tietosuojakaytanto\/","title":{"rendered":"Tietosuojak\u00e4yt\u00e4nt\u00f6"},"content":{"rendered":"\n<h2 class=\"wp-block-heading\"><strong>Tietosuojak\u00e4yt\u00e4nt\u00f6 ja henkil\u00f6tietojen k\u00e4sittely<\/strong><\/h2>\n\n<p>Southestonia.ee-verkkosivuston rekisterinpit\u00e4j\u00e4 on:<\/p>\n\n<p>O\u00dc Puup\u00f5ld<\/p>\n\n<p>Y-tunnus: 12800208<\/p>\n\n<p>Viro, Valgan kunta, Raavitsan kyl\u00e4, 68112<\/p>\n\n<p>Henkil\u00f6tietojen suoja<\/p>\n\n<p>Henkil\u00f6tiedot ovat tietoja, joita O\u00dc Puup\u00f5ld ker\u00e4\u00e4 palvelujen tarjoamiseksi, henkil\u00f6n tunnistamiseksi, henkil\u00f6\u00f6n yhteyden ottamiseksi palvelun tarjoamista varten, kysymysten ratkaisemiseksi tai mainossis\u00e4ll\u00f6n l\u00e4hett\u00e4miseksi.<\/p>\n\n<p>O\u00dc Puup\u00f5ld ei k\u00e4sittele Euroopan parlamentin ja neuvoston asetuksessa (EU) 2016\/679 (englanniksi General Data Protection Regulation eli GDPR tai EU Regulation 2016\/679) m\u00e4\u00e4ritettyj\u00e4 arkaluonteisia henkil\u00f6tietoja.<\/p>\n\n<p>O\u00dc Puup\u00f5ld sitoutuu suojaamaan asiakkaiden ja k\u00e4ytt\u00e4jien henkil\u00f6tietoja ja heid\u00e4n yksityisyytt\u00e4\u00e4n. O\u00dc Puup\u00f5ldin toiminta internetiss\u00e4 on kaikkien asianmukaisten toimien sek\u00e4 Euroopan unionin oikeuss\u00e4\u00e4nn\u00f6sten ja Viron tasavallan lakien mukaista, mukaan lukien Euroopan parlamentin ja neuvoston asetus (EU) 2016\/679. O\u00dc Puup\u00f5ld soveltaa kaikkia varotoimenpiteit\u00e4 (mukaan lukien hallinnolliset, tekniset ja fyysiset toimenpiteet) ker\u00e4ttyjen henkil\u00f6tietojen suojaamiseksi. P\u00e4\u00e4sy tietojen muuttamiseen ja k\u00e4sittelyyn on vain siihen valtuutetuilla henkil\u00f6ill\u00e4.<\/p>\n\n<p>Turvallisuus<\/p>\n\n<p>Kaikkia O\u00dc Puup\u00f5ldin verkkosivustojen vierailun aikana saatuja henkil\u00f6tietoja k\u00e4sitell\u00e4\u00e4n luottamuksellisina tietoina.<\/p>\n\n<p>Seuraavassa esitell\u00e4\u00e4n O\u00dc Puup\u00f5ldin tietosuojak\u00e4yt\u00e4nn\u00f6n periaatteet, jotka koskevat henkil\u00f6tietojen ker\u00e4\u00e4mist\u00e4, k\u00e4sittely\u00e4, k\u00e4ytt\u00f6\u00e4, luovuttamista, siirt\u00e4mist\u00e4, muuttamista, unohtamista ja poistamista.<\/p>\n\n<p>Esitetyt periaatteet eiv\u00e4t koske oikeushenkil\u00f6iden ja muiden yritysten\/laitosten tietojen k\u00e4sittely\u00e4, eiv\u00e4tk\u00e4 kata henkil\u00f6tietojen k\u00e4sittely\u00e4 verkkosivustoilla\/palveluymp\u00e4rist\u00f6iss\u00e4, joihin verkkosivuillamme\/palveluymp\u00e4rist\u00f6iss\u00e4mme viitataan (ulkoiset linkit).<\/p>\n\n<p>Yrityst\u00e4 edustava henkil\u00f6 (palvelun tilaajana) ei ole luonnollinen henkil\u00f6, vaan kyseess\u00e4 on oikeushenkil\u00f6n valtuutettu edustaja, jonka henkil\u00f6tietojen k\u00e4sittely\u00e4 ei s\u00e4\u00e4tele Euroopan parlamentin ja neuvoston asetus (EU) 2016\/679.<\/p>\n\n<ol class=\"wp-block-list\">\n<li>Mit\u00e4 tietoja ker\u00e4t\u00e4\u00e4n?<\/li>\n<\/ol>\n\n<ul class=\"wp-block-list\">\n<li>Verkkosivuilla vieraillessa vierailijasta ker\u00e4t\u00e4\u00e4n persoonattomia teknisi\u00e4 tietoja.<\/li>\n\n\n\n<li>Tekniset tiedot rajoittuvat k\u00e4ytett\u00e4v\u00e4n tietokoneen tai tietokoneverkon internet-osoitteeseen (IP-osoite), tietokoneen selaimen ja k\u00e4ytt\u00f6j\u00e4rjestelm\u00e4n ohjelmistoversioon, vierailun ajankohtaan (kellonaika, p\u00e4iv\u00e4m\u00e4\u00e4r\u00e4, vuosi) ja paikkaan. IP-osoitteita ei yhdistet\u00e4 henkil\u00f6n tunnistaviin tietoihin.<\/li>\n\n\n\n<li>Tietoja ker\u00e4t\u00e4\u00e4n verkkosivustojen vierailuista ja niill\u00e4 viipymisest\u00e4, jotta voimme parantaa verkkosivustoja ja palveluymp\u00e4rist\u00f6j\u00e4 ja tehd\u00e4 niist\u00e4 vierailijoille mukavampia.<\/li>\n\n\n\n<li>Yll\u00e4 mainittujen tietojen ker\u00e4\u00e4miseen k\u00e4yt\u00e4mme automatisoitua ty\u00f6kalua Google Analyticsia. Jos et halua v\u00e4litt\u00e4\u00e4 n\u00e4it\u00e4 tietoja itsest\u00e4si, voit milloin tahansa est\u00e4\u00e4 tietojesi ker\u00e4\u00e4misen Google Analyticsill\u00e4, kuten t\u00e4\u00e4ll\u00e4 on kuvattu.<\/li>\n\n\n\n<li>Luonnollisten henkil\u00f6iden osalta ker\u00e4tt\u00e4vi\u00e4 tietoja ovat tarvittaessa yksil\u00f6llisyyden tunnistamiseksi henkil\u00f6tunnus, viestint\u00e4\u00e4 varten nimi, s\u00e4hk\u00f6postiosoite, matkapuhelinnumero, asuinkaupunki ja -maa.<\/li>\n\n\n\n<li>Oikeushenkil\u00f6iden tietojen k\u00e4sittely\u00e4 varten ker\u00e4\u00e4mme rekisterinumeron, ALV-numeron, nimen, maan, osoitteen, s\u00e4hk\u00f6postiosoitteet yhteydenottoa ja laskun l\u00e4hett\u00e4mist\u00e4 varten, yrityst\u00e4 edustavien yhteyshenkil\u00f6iden nimet sek\u00e4 heid\u00e4n s\u00e4hk\u00f6postiosoitteensa ja yhteyspuhelimensa.<\/li>\n\n\n\n<li>S\u00e4hk\u00f6posteihin l\u00e4hetettyjen markkinointiviestien yhteydess\u00e4 voimme ker\u00e4t\u00e4 tietoa vuorovaikutuksestasi, kuten avasitko s\u00e4hk\u00f6postin, mit\u00e4 linkkej\u00e4 napsautat, mit\u00e4 laitteita k\u00e4yt\u00e4t t\u00e4h\u00e4n ja mit\u00e4 niiden tekniset ominaisuudet ovat. N\u00e4m\u00e4 tiedot tallennetaan jokaisen yhteyden historiaan.<\/li>\n\n\n\n<li>Ollessasi O\u00dc Puup\u00f5ldin yhteystietokannassa voimme k\u00e4sitell\u00e4 nime\u00e4si ja s\u00e4hk\u00f6postiosoitettasi tai matkapuhelinnumeroasi markkinointitarkoituksessa my\u00f6s sosiaalisen median ja internetmarkkinoinnin alustoilla (Facebook, Instagram, Google). N\u00e4ihin tarkoituksiin k\u00e4sittelemme henkil\u00f6tietojasi 5 vuotta yhteyden lis\u00e4\u00e4misest\u00e4 yhteystietokantaan. O\u00dc Puup\u00f5ldill\u00e4 on oikeutettu etu (GDPR 6 artiklan 1 kohdan f alakohta) l\u00e4hett\u00e4\u00e4 yhteyksilleen markkinointiviestint\u00e4\u00e4 yll\u00e4pit\u00e4\u00e4kseen liikesuhteen heid\u00e4n kanssaan.<\/li>\n<\/ul>\n\n<p>O\u00dc Puup\u00f5ldin palvelun puitteissa O\u00dc Puup\u00f5ldin ymp\u00e4rist\u00f6\u00f6n ladattuja, O\u00dc Puup\u00f5ldin asiakkaiden k\u00e4sittelemi\u00e4 henkil\u00f6tietoja suojaa luottamuksellisuusvaatimus, joka tulee voimaan asiakkaan allekirjoittaessa palvelusopimuksen. O\u00dc Puup\u00f5ldin palveluja voi k\u00e4ytt\u00e4\u00e4 vain sopimuksen hyv\u00e4ksymisen j\u00e4lkeen. Sopimuksen hyv\u00e4ksyminen tarkistetaan ohjelmallisesti, ja sen puuttuessa pyydet\u00e4\u00e4n hyv\u00e4ksyminen.<\/p>\n\n<p>T\u00e4ss\u00e4 alakohdassa lueteltujen henkil\u00f6tietojen k\u00e4sittelytarkoitusten osalta tietoihin p\u00e4\u00e4sev\u00e4t k\u00e4siksi O\u00dc Puup\u00f5ldin ty\u00f6ntekij\u00e4t, jotka k\u00e4ytt\u00e4v\u00e4t ty\u00f6ss\u00e4\u00e4n kaikkia turvatoimenpiteit\u00e4 tietojesi k\u00e4sittelyss\u00e4.<\/p>\n\n<p>Suostumus liittyvien ja palvelua varten tarpeellisten henkil\u00f6tietojen ker\u00e4\u00e4miseen annetaan tilauksen tekev\u00e4n henkil\u00f6n toimesta palvelun tilaushetkell\u00e4. Palvelun tilauksen my\u00f6t\u00e4 suostumus katsotaan annetuksi vastaavalla aikaleimalla.<\/p>\n\n<ol start=\"2\" class=\"wp-block-list\">\n<li>Kuinka kauan ker\u00e4ttyj\u00e4 tietoja s\u00e4ilytet\u00e4\u00e4n?<\/li>\n<\/ol>\n\n<p>Verkkosivustojen ja palveluymp\u00e4rist\u00f6jen ker\u00e4\u00e4mi\u00e4 persoonattomia teknisi\u00e4 tietoja s\u00e4ilytet\u00e4\u00e4n m\u00e4\u00e4r\u00e4\u00e4m\u00e4tt\u00f6m\u00e4n ajan.<\/p>\n\n<p>Henkil\u00f6kohtaisiin kyselyihin ja\/tai liiketoimiin liittyvi\u00e4 henkil\u00f6tietoja s\u00e4ilytet\u00e4\u00e4n enint\u00e4\u00e4n 7 vuotta viimeisest\u00e4 vuorovaikutuksesta palveluntarjoajan kanssa kirjanpitolain mukaisen liiketoimien todistamisvelvollisuuden vuoksi. Vuorovaikutukseksi katsotaan muun muassa suoramarkkinointiin reagoiminen katsomalla tai linkki\u00e4 napsauttamalla.<\/p>\n\n<ol start=\"3\" class=\"wp-block-list\">\n<li>Kenelle ker\u00e4ttyj\u00e4 tietoja voidaan luovuttaa?<\/li>\n<\/ol>\n\n<p>O\u00dc Puup\u00f5ldin k\u00e4sittelemi\u00e4 henkil\u00f6tietoja voidaan luovuttaa ilman henkil\u00f6n suostumusta vain laitokselle tai henkil\u00f6lle, jolla on siihen suora laista johtuva oikeus (esimerkiksi tuomioistuin tai esitutkintaviranomainen) ja perusteltu tarve.<\/p>\n\n<p>O\u00dc Puup\u00f5ldin palvelun puitteissa asiakkaiden k\u00e4sittelemi\u00e4 henkil\u00f6tietoja k\u00e4sitell\u00e4\u00e4n luottamuksellisina, ja oikeus n\u00e4iden tietojen k\u00e4sittelyyn, julkaisemiseen tai luovuttamiseen kuuluu yksinomaan tietojen omistajan (asiakkaan) vastuualueeseen.<\/p>\n\n<p>O\u00dc Puup\u00f5ld tarjoaa asiakkaan tilauksesta teknist\u00e4 apua tietojen k\u00e4sittelyss\u00e4, mutta t\u00e4m\u00e4 ei muuta tietojen omistus- ja vastuusuhdetta.<\/p>\n\n<ol start=\"4\" class=\"wp-block-list\">\n<li>Mit\u00e4 oikeuksia henkil\u00f6ll\u00e4 on ker\u00e4ttyihin tietoihin?<\/li>\n<\/ol>\n\n<p>Oikeus tutustua omiin tietoihinsa, korjata niit\u00e4 ja keskeytt\u00e4\u00e4 k\u00e4sittely.<\/p>\n\n<p>Oletuksena henkil\u00f6tietoja ei luovuteta paitsi tapauksissa, joissa siihen on saatu vastaava vahvistus (koulutuksiin \/ seminaareihin \/ konferensseihin osallistuminen).<\/p>\n\n<p>Jos henkil\u00f6tietoja ei voi muuttaa, ne eiv\u00e4t ole saatavilla tai julkaistu verkkosivulla tai palveluymp\u00e4rist\u00f6iss\u00e4, meille tulisi esitt\u00e4\u00e4 henkil\u00f6n tunnistamisen mahdollistava pyynt\u00f6 tietojen saamiseksi tai korjaamiseksi. Mahdollisuuksien mukaan tiedot luovutetaan tai korjataan 7 ty\u00f6p\u00e4iv\u00e4n kuluessa.<\/p>\n\n<p>Jos halutaan luopua suoramarkkinointitarjouksista kaikkien tai joidenkin aiheiden osalta, sen voi tehd\u00e4 v\u00e4litt\u00f6m\u00e4sti jokaisen l\u00e4hetetyn markkinointiviestin alatunnisteessa olevan linkin kautta. Muutos tulee voimaan v\u00e4litt\u00f6m\u00e4sti.<\/p>\n\n<p>Jos henkil\u00f6tietojen k\u00e4sittelylle, julkistamiselle tai tietoihin p\u00e4\u00e4syn sallimiselle ei ole (en\u00e4\u00e4) laillista perustetta, voidaan vaatia tietojen k\u00e4yt\u00f6n lopettamista tai poistamista, tietojen julkistamisen tai tietoihin p\u00e4\u00e4syn sallimisen lopettamista. T\u00e4t\u00e4 varten tulee esitt\u00e4\u00e4 henkil\u00f6n tunnistamisen mahdollistava pyynt\u00f6.<\/p>\n\n<p>Pyynt\u00f6\u00e4 ei hyv\u00e4ksyt\u00e4, jos:<\/p>\n\n<ul class=\"wp-block-list\">\n<li>se voi vahingoittaa toisen henkil\u00f6n oikeuksia ja vapauksia,<\/li>\n\n\n\n<li>se voi est\u00e4\u00e4 palvelun tarjoamisen tai palvelun tarjoamatta j\u00e4tt\u00e4misen,<\/li>\n\n\n\n<li>se voi est\u00e4\u00e4 lainvalvontaviranomaisten ty\u00f6t\u00e4,<\/li>\n\n\n\n<li>se ei ole teknisesti tarpeellista eik\u00e4\/tai mahdollista.<\/li>\n\n\n\n<li>pyyt\u00e4j\u00e4n henkil\u00f6 ei ole oikeudellisesti yhteydess\u00e4 tietoihin.<\/li>\n\n\n\n<li>pyyt\u00e4j\u00e4n henkil\u00f6\u00e4 ei voida tunnistaa.<\/li>\n<\/ul>\n\n<p><strong>Esimerkiksi<\/strong>:<\/p>\n\n<p>\u2013 S\u00e4hk\u00f6postiosoitetta ei voida poistaa, jos siihen ei haluta en\u00e4\u00e4 vastaanottaa suoramarkkinointitarjouksia. Vaatimuksen t\u00e4ytt\u00e4miseksi s\u00e4hk\u00f6postiosoite on s\u00e4ilytett\u00e4v\u00e4, jotta sit\u00e4 voidaan verrata \u2013 ettei viesti\u00e4 l\u00e4hetett\u00e4isi.<\/p>\n\n<p>\u2013 Kaikkia tietoja ei voida poistaa CRM:st\u00e4, jos ei haluta en\u00e4\u00e4 yhteydenottoja. Vaatimuksen t\u00e4ytt\u00e4miseksi on s\u00e4ilytett\u00e4v\u00e4 riitt\u00e4v\u00e4sti tietoja, joita voidaan verrata \u2013 ettei yhteytt\u00e4 otettaisi.<\/p>\n\n<p>Tietosuojak\u00e4yt\u00e4nn\u00f6n ehdot ja muutokset<\/p>\n\n<p>K\u00e4ytt\u00e4m\u00e4ll\u00e4 O\u00dc Puup\u00f5ldin verkkosivustoja olette tutustuneet n\u00e4ihin periaatteisiin ja ehtoihin ja hyv\u00e4ksyneet ne. Pid\u00e4t\u00e4mme oikeuden tarvittaessa muuttaa tietosuojak\u00e4yt\u00e4nn\u00f6n yleisi\u00e4 ehtoja ilmoittamalla siit\u00e4 kaikille asianomaisille henkil\u00f6ille.<\/p>\n","protected":false},"excerpt":{"rendered":"<p>Tietosuojak\u00e4yt\u00e4nt\u00f6 ja henkil\u00f6tietojen k\u00e4sittely Southestonia.ee-verkkosivuston rekisterinpit\u00e4j\u00e4 on: O\u00dc Puup\u00f5ld Y-tunnus: 12800208 Viro, Valgan kunta, Raavitsan kyl\u00e4, 68112 Henkil\u00f6tietojen suoja Henkil\u00f6tiedot ovat tietoja, joita O\u00dc Puup\u00f5ld ker\u00e4\u00e4 palvelujen tarjoamiseksi, henkil\u00f6n tunnistamiseksi, henkil\u00f6\u00f6n yhteyden ottamiseksi palvelun tarjoamista varten, kysymysten ratkaisemiseksi tai mainossis\u00e4ll\u00f6n l\u00e4hett\u00e4miseksi. O\u00dc Puup\u00f5ld ei k\u00e4sittele Euroopan parlamentin ja neuvoston asetuksessa (EU) 2016\/679 (englanniksi General Data [&hellip;]<\/p>\n","protected":false},"author":3,"featured_media":0,"parent":0,"menu_order":0,"comment_status":"closed","ping_status":"open","template":"","meta":{"footnotes":""},"class_list":["post-895","page","type-page","status-publish","hentry"],"yoast_head":"<!-- This site is optimized with the Yoast SEO plugin v27.5 - https:\/\/yoast.com\/product\/yoast-seo-wordpress\/ -->\n<title>Tietosuojak\u00e4yt\u00e4nt\u00f6 - South Estonia<\/title>\n<meta name=\"robots\" content=\"noindex, nofollow\" \/>\n<meta property=\"og:locale\" content=\"fi_FI\" \/>\n<meta property=\"og:type\" content=\"article\" \/>\n<meta property=\"og:title\" content=\"Tietosuojak\u00e4yt\u00e4nt\u00f6 - South Estonia\" \/>\n<meta property=\"og:description\" content=\"Tietosuojak\u00e4yt\u00e4nt\u00f6 ja henkil\u00f6tietojen k\u00e4sittely Southestonia.ee-verkkosivuston rekisterinpit\u00e4j\u00e4 on: O\u00dc Puup\u00f5ld Y-tunnus: 12800208 Viro, Valgan kunta, Raavitsan kyl\u00e4, 68112 Henkil\u00f6tietojen suoja Henkil\u00f6tiedot ovat tietoja, joita O\u00dc Puup\u00f5ld ker\u00e4\u00e4 palvelujen tarjoamiseksi, henkil\u00f6n tunnistamiseksi, henkil\u00f6\u00f6n yhteyden ottamiseksi palvelun tarjoamista varten, kysymysten ratkaisemiseksi tai mainossis\u00e4ll\u00f6n l\u00e4hett\u00e4miseksi. O\u00dc Puup\u00f5ld ei k\u00e4sittele Euroopan parlamentin ja neuvoston asetuksessa (EU) 2016\/679 (englanniksi General Data [&hellip;]\" \/>\n<meta property=\"og:url\" content=\"https:\/\/southestonia.ee\/fi\/tietosuojakaytanto\/\" \/>\n<meta property=\"og:site_name\" content=\"South Estonia\" \/>\n<meta property=\"article:modified_time\" content=\"2026-05-07T10:55:03+00:00\" \/>\n<meta name=\"twitter:card\" content=\"summary_large_image\" \/>\n<meta name=\"twitter:label1\" content=\"Arvioitu lukuaika\" \/>\n\t<meta name=\"twitter:data1\" content=\"6 minuuttia\" \/>\n<script type=\"application\/ld+json\" class=\"yoast-schema-graph\">{\"@context\":\"https:\\\/\\\/schema.org\",\"@graph\":[{\"@type\":\"WebPage\",\"@id\":\"https:\\\/\\\/southestonia.ee\\\/fi\\\/tietosuojakaytanto\\\/\",\"url\":\"https:\\\/\\\/southestonia.ee\\\/fi\\\/tietosuojakaytanto\\\/\",\"name\":\"Tietosuojak\u00e4yt\u00e4nt\u00f6 - South Estonia\",\"isPartOf\":{\"@id\":\"https:\\\/\\\/southestonia.ee\\\/fi\\\/#website\"},\"datePublished\":\"2024-11-25T12:03:24+00:00\",\"dateModified\":\"2026-05-07T10:55:03+00:00\",\"breadcrumb\":{\"@id\":\"https:\\\/\\\/southestonia.ee\\\/fi\\\/tietosuojakaytanto\\\/#breadcrumb\"},\"inLanguage\":\"fi\",\"potentialAction\":[{\"@type\":\"ReadAction\",\"target\":[\"https:\\\/\\\/southestonia.ee\\\/fi\\\/tietosuojakaytanto\\\/\"]}]},{\"@type\":\"BreadcrumbList\",\"@id\":\"https:\\\/\\\/southestonia.ee\\\/fi\\\/tietosuojakaytanto\\\/#breadcrumb\",\"itemListElement\":[{\"@type\":\"ListItem\",\"position\":1,\"name\":\"Home\",\"item\":\"https:\\\/\\\/southestonia.ee\\\/fi\\\/\"},{\"@type\":\"ListItem\",\"position\":2,\"name\":\"Tietosuojak\u00e4yt\u00e4nt\u00f6\"}]},{\"@type\":\"WebSite\",\"@id\":\"https:\\\/\\\/southestonia.ee\\\/fi\\\/#website\",\"url\":\"https:\\\/\\\/southestonia.ee\\\/fi\\\/\",\"name\":\"Southestonia.ee\",\"description\":\"\",\"publisher\":{\"@id\":\"https:\\\/\\\/southestonia.ee\\\/fi\\\/#organization\"},\"potentialAction\":[{\"@type\":\"SearchAction\",\"target\":{\"@type\":\"EntryPoint\",\"urlTemplate\":\"https:\\\/\\\/southestonia.ee\\\/fi\\\/?s={search_term_string}\"},\"query-input\":{\"@type\":\"PropertyValueSpecification\",\"valueRequired\":true,\"valueName\":\"search_term_string\"}}],\"inLanguage\":\"fi\"},{\"@type\":\"Organization\",\"@id\":\"https:\\\/\\\/southestonia.ee\\\/fi\\\/#organization\",\"name\":\"SouthEstonia\",\"url\":\"https:\\\/\\\/southestonia.ee\\\/fi\\\/\",\"logo\":{\"@type\":\"ImageObject\",\"inLanguage\":\"fi\",\"@id\":\"https:\\\/\\\/southestonia.ee\\\/fi\\\/#\\\/schema\\\/logo\\\/image\\\/\",\"url\":\"\",\"contentUrl\":\"\",\"caption\":\"SouthEstonia\"},\"image\":{\"@id\":\"https:\\\/\\\/southestonia.ee\\\/fi\\\/#\\\/schema\\\/logo\\\/image\\\/\"}}]}<\/script>\n<!-- \/ Yoast SEO plugin. -->","yoast_head_json":{"title":"Tietosuojak\u00e4yt\u00e4nt\u00f6 - South Estonia","robots":{"index":"noindex","follow":"nofollow"},"og_locale":"fi_FI","og_type":"article","og_title":"Tietosuojak\u00e4yt\u00e4nt\u00f6 - South Estonia","og_description":"Tietosuojak\u00e4yt\u00e4nt\u00f6 ja henkil\u00f6tietojen k\u00e4sittely Southestonia.ee-verkkosivuston rekisterinpit\u00e4j\u00e4 on: O\u00dc Puup\u00f5ld Y-tunnus: 12800208 Viro, Valgan kunta, Raavitsan kyl\u00e4, 68112 Henkil\u00f6tietojen suoja Henkil\u00f6tiedot ovat tietoja, joita O\u00dc Puup\u00f5ld ker\u00e4\u00e4 palvelujen tarjoamiseksi, henkil\u00f6n tunnistamiseksi, henkil\u00f6\u00f6n yhteyden ottamiseksi palvelun tarjoamista varten, kysymysten ratkaisemiseksi tai mainossis\u00e4ll\u00f6n l\u00e4hett\u00e4miseksi. O\u00dc Puup\u00f5ld ei k\u00e4sittele Euroopan parlamentin ja neuvoston asetuksessa (EU) 2016\/679 (englanniksi General Data [&hellip;]","og_url":"https:\/\/southestonia.ee\/fi\/tietosuojakaytanto\/","og_site_name":"South Estonia","article_modified_time":"2026-05-07T10:55:03+00:00","twitter_card":"summary_large_image","twitter_misc":{"Arvioitu lukuaika":"6 minuuttia"},"schema":{"@context":"https:\/\/schema.org","@graph":[{"@type":"WebPage","@id":"https:\/\/southestonia.ee\/fi\/tietosuojakaytanto\/","url":"https:\/\/southestonia.ee\/fi\/tietosuojakaytanto\/","name":"Tietosuojak\u00e4yt\u00e4nt\u00f6 - South Estonia","isPartOf":{"@id":"https:\/\/southestonia.ee\/fi\/#website"},"datePublished":"2024-11-25T12:03:24+00:00","dateModified":"2026-05-07T10:55:03+00:00","breadcrumb":{"@id":"https:\/\/southestonia.ee\/fi\/tietosuojakaytanto\/#breadcrumb"},"inLanguage":"fi","potentialAction":[{"@type":"ReadAction","target":["https:\/\/southestonia.ee\/fi\/tietosuojakaytanto\/"]}]},{"@type":"BreadcrumbList","@id":"https:\/\/southestonia.ee\/fi\/tietosuojakaytanto\/#breadcrumb","itemListElement":[{"@type":"ListItem","position":1,"name":"Home","item":"https:\/\/southestonia.ee\/fi\/"},{"@type":"ListItem","position":2,"name":"Tietosuojak\u00e4yt\u00e4nt\u00f6"}]},{"@type":"WebSite","@id":"https:\/\/southestonia.ee\/fi\/#website","url":"https:\/\/southestonia.ee\/fi\/","name":"Southestonia.ee","description":"","publisher":{"@id":"https:\/\/southestonia.ee\/fi\/#organization"},"potentialAction":[{"@type":"SearchAction","target":{"@type":"EntryPoint","urlTemplate":"https:\/\/southestonia.ee\/fi\/?s={search_term_string}"},"query-input":{"@type":"PropertyValueSpecification","valueRequired":true,"valueName":"search_term_string"}}],"inLanguage":"fi"},{"@type":"Organization","@id":"https:\/\/southestonia.ee\/fi\/#organization","name":"SouthEstonia","url":"https:\/\/southestonia.ee\/fi\/","logo":{"@type":"ImageObject","inLanguage":"fi","@id":"https:\/\/southestonia.ee\/fi\/#\/schema\/logo\/image\/","url":"","contentUrl":"","caption":"SouthEstonia"},"image":{"@id":"https:\/\/southestonia.ee\/fi\/#\/schema\/logo\/image\/"}}]}},"_links":{"self":[{"href":"https:\/\/southestonia.ee\/fi\/wp-json\/wp\/v2\/pages\/895","targetHints":{"allow":["GET"]}}],"collection":[{"href":"https:\/\/southestonia.ee\/fi\/wp-json\/wp\/v2\/pages"}],"about":[{"href":"https:\/\/southestonia.ee\/fi\/wp-json\/wp\/v2\/types\/page"}],"author":[{"embeddable":true,"href":"https:\/\/southestonia.ee\/fi\/wp-json\/wp\/v2\/users\/3"}],"replies":[{"embeddable":true,"href":"https:\/\/southestonia.ee\/fi\/wp-json\/wp\/v2\/comments?post=895"}],"version-history":[{"count":1,"href":"https:\/\/southestonia.ee\/fi\/wp-json\/wp\/v2\/pages\/895\/revisions"}],"predecessor-version":[{"id":896,"href":"https:\/\/southestonia.ee\/fi\/wp-json\/wp\/v2\/pages\/895\/revisions\/896"}],"wp:attachment":[{"href":"https:\/\/southestonia.ee\/fi\/wp-json\/wp\/v2\/media?parent=895"}],"curies":[{"name":"wp","href":"https:\/\/api.w.org\/{rel}","templated":true}]}}