{"id":1128,"date":"2024-11-25T12:03:24","date_gmt":"2024-11-25T12:03:24","guid":{"rendered":"https:\/\/southestonia.ee\/privatumo-politika\/"},"modified":"2026-05-14T12:12:03","modified_gmt":"2026-05-14T12:12:03","slug":"privatumo-politika","status":"publish","type":"page","link":"https:\/\/southestonia.ee\/lt\/privatumo-politika\/","title":{"rendered":"Privatumo politika"},"content":{"rendered":"\n<h2 class=\"wp-block-heading\"><strong>Privatumo politika ir asmens duomen\u0173 tvarkymas<\/strong><\/h2>\n\n<p>U\u017e svetain\u0119 Southestonia.ee atsakingas asmuo:<\/p>\n\n<p>O\u00dc Puup\u00f5ld<\/p>\n\n<p>Reg. Nr.: 12800208<\/p>\n\n<p>Estija, Valgos savivaldyb\u0117, Raavitsa kaimas, 68112<\/p>\n\n<p>Asmens duomen\u0173 apsauga<\/p>\n\n<p>Asmens duomenys \u2013 tai duomenys, kuriuos O\u00dc Puup\u00f5ld renka paslaugai teikti, asmens tapatybei nustatyti, susisiekti su asmeniu teikiant paslaug\u0105, klausimams spr\u0119sti arba reklaminiam turiniui si\u0173sti.<\/p>\n\n<p>O\u00dc Puup\u00f5ld netvarko jautri\u0173 asmens duomen\u0173, apibr\u0117\u017et\u0173 Europos Parlamento ir Tarybos reglamente (ES) 2016\/679 (angl. General Data Protection Regulation arba GDPR, arba EU Regulation 2016\/679).<\/p>\n\n<p>O\u00dc Puup\u00f5ld \u012fsipareigoja saugoti klient\u0173 ir naudotoj\u0173 asmens duomenis bei j\u0173 privatum\u0105. O\u00dc Puup\u00f5ld veikla internete atitinka visus susijusius reikalavimus ir galiojan\u010dius Europos S\u0105jungos bei Estijos Respublikos teis\u0117s aktus, \u012fskaitant Europos Parlamento ir Tarybos reglament\u0105 (ES) 2016\/679. O\u00dc Puup\u00f5ld taiko visas atsargumo priemones (\u012fskaitant administracines, technines ir fizines) renkam\u0173 asmens duomen\u0173 apsaugai. Prieig\u0105 duomen\u0173 keitimui ir tvarkymui turi tik tam \u012fgalioti asmenys.<\/p>\n\n<p>Saugumas<\/p>\n\n<p>Visi asmens duomenys, su\u017einoti lankantis O\u00dc Puup\u00f5ld svetain\u0117se, laikomi konfidencialia informacija.<\/p>\n\n<p>Toliau pateikiami O\u00dc Puup\u00f5ld privatumo politikos principai, susij\u0119 su asmens duomen\u0173 rinkimu, tvarkymu, naudojimu, atskleidimu, perdavimu, keitimu, pamir\u0161imu ir i\u0161trynimu.<\/p>\n\n<p>\u0160ie principai netaikomi juridini\u0173 asmen\u0173 ir kit\u0173 \u012fmoni\u0173\/\u012fstaig\u0173 duomen\u0173 tvarkymui, taip pat neapima asmens duomen\u0173 tvarkymo svetain\u0117se\/paslaug\u0173 aplinkose, \u012f kurias nukreipiama i\u0161 m\u016bs\u0173 svetaini\u0173\/paslaug\u0173 aplink\u0173 (i\u0161orin\u0117s nuorodos).<\/p>\n\n<p>\u012emonei atstovaujantis asmuo (kaip paslaugos u\u017esakovas) n\u0117ra fizinis asmuo, tai yra juridinio asmens \u012fgaliotas atstovas, kurio asmens duomen\u0173 tvarkymo nereglamentuoja Europos Parlamento ir Tarybos reglamentas (ES) 2016\/679.<\/p>\n\n<ol class=\"wp-block-list\">\n<li>Kokie duomenys renkami?<\/li>\n<\/ol>\n\n<ul class=\"wp-block-list\">\n<li>Lankantis svetain\u0117se renkami nuasmeninti techniniai duomenys apie lankytoj\u0105.<\/li>\n\n\n\n<li>Techniniai duomenys apsiriboja naudojamo kompiuterio ar kompiuteri\u0173 tinklo interneto adresu (IP adresu), nar\u0161ykl\u0117s ir operacin\u0117s sistemos programin\u0117s \u012frangos versija, apsilankymo laiku (valanda, data, metai) ir vieta. IP adresai nesiejami su asmens tapatyb\u0119 identifikuojan\u010dia informacija.<\/li>\n\n\n\n<li>Duomenys renkami apie svetaini\u0173 lankym\u0105 ir buvimo trukm\u0119, kad jais remiantis b\u016bt\u0173 galima tobulinti svetaines bei paslaug\u0173 aplinkas ir padaryti jas patogesnes lankytojams.<\/li>\n\n\n\n<li>Auk\u0161\u010diau nurodytiems duomenims rinkti naudojame automatizuot\u0105 \u012frank\u012f \u201eGoogle Analytics\u201c. Jei nepageidaujate, kad \u0161ie duomenys apie jus b\u016bt\u0173 perduodami, bet kuriuo metu galite i\u0161jungti duomen\u0173 rinkim\u0105 per \u201eGoogle Analytics\u201c, kaip apra\u0161yta <a href=\"https:\/\/tools.google.com\/dlpage\/gaoptout\/\" target=\"_blank\" rel=\"noreferrer noopener\">\u010dia<\/a>.<\/li>\n\n\n\n<li>Fizini\u0173 asmen\u0173 atveju, prireikus unikaliam tapatumo nustatymui, renkamas asmens kodas, ry\u0161io palaikymui \u2013 vardas, el. pa\u0161to adresas, mobiliojo telefono numeris, gyvenamosios vietos miestas ir \u0161alis.<\/li>\n\n\n\n<li>Juridini\u0173 asmen\u0173 duomenims tvarkyti renkame registracijos numer\u012f, PVM mok\u0117tojo numer\u012f, pavadinim\u0105, \u0161al\u012f, adres\u0105, el. pa\u0161to adresus susisiekimui ir s\u0105skaitoms si\u0173sti, taip pat \u012fmonei atstovaujan\u010di\u0173 kontaktini\u0173 asmen\u0173 vardus, el. pa\u0161to adresus ir kontaktinius telefono numerius.<\/li>\n\n\n\n<li>El. pa\u0161tu siun\u010diam\u0173 rinkodaros \u017einu\u010di\u0173 atveju galime rinkti informacij\u0105 apie j\u016bs\u0173 s\u0105veik\u0105, pavyzd\u017eiui, ar atidar\u0117te el. lai\u0161k\u0105, kokias nuorodas spustelite, kokius \u012frenginius tam naudojate ir kokios j\u0173 technin\u0117s savyb\u0117s. \u0160i informacija i\u0161saugoma kiekvieno kontakto istorijoje.<\/li>\n\n\n\n<li>Esant O\u00dc Puup\u00f5ld kontakt\u0173 duomen\u0173 baz\u0117je, galime tvarkyti j\u016bs\u0173 vard\u0105 ir el. pa\u0161to adres\u0105 arba mobiliojo telefono numer\u012f rinkodaros tikslais taip pat socialin\u0117je \u017einiasklaidoje ir interneto rinkodaroje (Facebook, Instagram, Google). \u0160iais tikslais j\u016bs\u0173 asmens duomenis tvarkome 5 metus nuo j\u016bs\u0173 kontakto \u012ftraukimo \u012f kontakt\u0173 baz\u0119 dienos. O\u00dc Puup\u00f5ld turi teis\u0117t\u0105 interes\u0105 (BDAR 6 str. 1 d. f p.) si\u0173sti rinkodaros komunikacij\u0105 savo kontaktams, kad palaikyt\u0173 su jais verslo santykius.<\/li>\n<\/ul>\n\n<p>Asmens duomenys, kuriuos O\u00dc Puup\u00f5ld klientai \u012fkelia \u012f O\u00dc Puup\u00f5ld aplink\u0105 teikiant paslaug\u0105 ir kuriuos jie tvarko, yra apsaugoti konfidencialumo \u012fsipareigojimu, \u012fsigaliojan\u010diu pasira\u0161ius paslaug\u0173 sutart\u012f.<\/p>\n\n<p>\u0160iame poskyryje i\u0161vardintiems asmens duomen\u0173 tvarkymo tikslams duomenis pasiekia O\u00dc Puup\u00f5ld darbuotojai, kurie savo darbe, susijusiame su j\u016bs\u0173 duomen\u0173 tvarkymu, taiko visas saugumo priemones.<\/p>\n\n<p>Sutikimas su paslauga susijusi\u0173 ir paslaugai b\u016btin\u0173 asmens duomen\u0173 rinkimu yra duodamas u\u017esakovo paslaugos u\u017esakymo metu. U\u017esakius paslaug\u0105 sutikimas laikomas duotu su atitinkama laiko \u017eyma.<\/p>\n\n<ol start=\"2\" class=\"wp-block-list\">\n<li>Kiek laiko saugomi surinkti duomenys?<\/li>\n<\/ol>\n\n<p>Nuasmeninti techniniai duomenys, surinkti svetain\u0117se ir paslaug\u0173 aplinkose, saugomi neterminuotai.<\/p>\n\n<p>Asmeniniai duomenys, susij\u0119 su asmenin\u0117mis u\u017eklausomis ir (arba) sandoriais, saugomi iki 7 met\u0173 nuo paskutin\u0117s s\u0105veikos su paslaug\u0173 teik\u0117ju, remiantis buhalterin\u0117s apskaitos \u012fstatymo \u012fsipareigojimu pagr\u012fsti sandorius. S\u0105veika laikoma, be kita ko, reagavimas \u012f tiesiogin\u0119 rinkodar\u0105 per\u017ei\u016brint arba paspaud\u017eiant nuorod\u0105.<\/p>\n\n<ol start=\"3\" class=\"wp-block-list\">\n<li>Kam gali b\u016bti perduodami surinkti duomenys?<\/li>\n<\/ol>\n\n<p>O\u00dc Puup\u00f5ld tvarkomi asmens duomenys be asmens sutikimo gali b\u016bti perduoti tik institucijai ar asmeniui, turin\u010diam tam tiesiogin\u0119 \u012fstatymo nustatyt\u0105 teis\u0119 (pvz., teismas ar ikiteisminio tyrimo institucija) ir pagr\u012fst\u0105 poreik\u012f.<\/p>\n\n<p>O\u00dc Puup\u00f5ld paslaugos r\u0117muose klient\u0173 tvarkomi asmens duomenys laikomi konfidencialiais, o teis\u0117 juos tvarkyti, atskleisti ar perduoti priklauso i\u0161imtinai duomen\u0173 savininko (kliento) atsakomyb\u0117s sri\u010diai.<\/p>\n\n<p>Kliento u\u017esakymu O\u00dc Puup\u00f5ld teikia technin\u0119 pagalb\u0105 duomen\u0173 tvarkyme, ta\u010diau tai nekei\u010dia duomen\u0173 nuosavyb\u0117s ir atsakomyb\u0117s santykio.<\/p>\n\n<ol start=\"4\" class=\"wp-block-list\">\n<li>Kokias teises asmuo turi \u012f surinktus duomenis?<\/li>\n<\/ol>\n\n<p>Teis\u0117 susipa\u017einti su savo duomenimis, juos pataisyti, nutraukti tvarkym\u0105.<\/p>\n\n<p>Pagal numatytuosius nustatymus asmens duomenys neatskleid\u017eiami, i\u0161skyrus atvejus, kai tam yra gautas atitinkamas patvirtinimas (dalyvavimas mokymuose \/ seminaruose \/ konferencijose).<\/p>\n\n<p>Jeigu asmens duomenys yra nekei\u010diami, neprieinami, nevie\u0161inami svetain\u0117je ar paslaug\u0173 aplinkose, mums turi b\u016bti pateiktas tapatyb\u0117s nustatym\u0105 leid\u017eian\u010diu b\u016bdu pra\u0161ymas duomenims gauti ar pataisyti. Jei \u012fmanoma, duomenys i\u0161duodami arba pataisomi per 7 darbo dienas.<\/p>\n\n<p>Jei norite atsisakyti tiesiogin\u0117s rinkodaros pasi\u016blym\u0173 visomis ar tam tikromis temomis, tai galite padaryti i\u0161 karto per kiekvieno siun\u010diamo rinkodaros lai\u0161ko apa\u010dioje esan\u010di\u0105 nuorod\u0105. Pakeitimas \u012fsigalioja i\u0161 karto.<\/p>\n\n<p>Jeigu asmens duomen\u0173 tvarkymui, atskleidimui ar prieigos prie j\u0173 suteikimui (neb\u0117ra) teisinio pagrindo, galima reikalauti nutraukti duomen\u0173 naudojim\u0105 ar juos i\u0161trinti, nutraukti duomen\u0173 atskleidim\u0105 ar prieigos prie j\u0173 suteikim\u0105. Tam reikia pateikti tapatyb\u0117s nustatym\u0105 leid\u017eian\u010diu b\u016bdu pra\u0161ym\u0105.<\/p>\n\n<p>Pra\u0161ymas netenkinamas, jeigu:<\/p>\n\n<ul class=\"wp-block-list\">\n<li>tai gali pakenkti kito asmens teis\u0117ms ir laisv\u0117ms,<\/li>\n\n\n\n<li>tai gali trukdyti teikti paslaug\u0105 ar nesuteikti paslaugos,<\/li>\n\n\n\n<li>tai gali trukdyti teis\u0117saugos institucij\u0173 darbui,<\/li>\n\n\n\n<li>tai techni\u0161kai n\u0117ra b\u016btina ir (arba) ne\u012fmanoma.<\/li>\n\n\n\n<li>parei\u0161k\u0117jas teisi\u0161kai nesusij\u0119s su duomenimis.<\/li>\n\n\n\n<li>parei\u0161k\u0117jo tapatyb\u0117s ne\u012fmanoma nustatyti.<\/li>\n<\/ul>\n\n<p><strong>Pavyzd\u017eiai<\/strong>:<\/p>\n\n<p>\u2013 El. pa\u0161to adreso negalima i\u0161trinti, jei juo daugiau nepageidaujama gauti tiesiogin\u0117s rinkodaros pasi\u016blym\u0173. Kad b\u016bt\u0173 galima \u012fvykdyti reikalavim\u0105, el. pa\u0161to adresas turi b\u016bti i\u0161saugotas, kad b\u016bt\u0173 su kuo palyginti \u2013 jog lai\u0161kas neb\u016bt\u0173 siun\u010diamas.<\/p>\n\n<p>\u2013 CRM sistemoje negalima i\u0161trinti vis\u0173 duomen\u0173, jei nepageidaujama tolesnio kontakto. Kad b\u016bt\u0173 galima \u012fvykdyti reikalavim\u0105, turi b\u016bti i\u0161saugota pakankamai duomen\u0173, su kuriais b\u016bt\u0173 galima palyginti \u2013 jog kontaktas neb\u016bt\u0173 u\u017emegztas.<\/p>\n\n<p>Privatumo politikos s\u0105lygos ir pakeitimai<\/p>\n\n<p>Naudodamiesi O\u00dc Puup\u00f5ld svetain\u0117mis j\u016bs susipa\u017einote su \u0161iais principais ir s\u0105lygomis bei joms pritar\u0117te. Pasiliekame teis\u0119 prireikus pakeisti privatumo politikos bendr\u0105sias s\u0105lygas, apie tai informuodami visus susijusius asmenis.<\/p>\n","protected":false},"excerpt":{"rendered":"<p>Privatumo politika ir asmens duomen\u0173 tvarkymas U\u017e svetain\u0119 Southestonia.ee atsakingas asmuo: O\u00dc Puup\u00f5ld Reg. Nr.: 12800208 Estija, Valgos savivaldyb\u0117, Raavitsa kaimas, 68112 Asmens duomen\u0173 apsauga Asmens duomenys \u2013 tai duomenys, kuriuos O\u00dc Puup\u00f5ld renka paslaugai teikti, asmens tapatybei nustatyti, susisiekti su asmeniu teikiant paslaug\u0105, klausimams spr\u0119sti arba reklaminiam turiniui si\u0173sti. O\u00dc Puup\u00f5ld netvarko jautri\u0173 asmens [&hellip;]<\/p>\n","protected":false},"author":3,"featured_media":0,"parent":0,"menu_order":0,"comment_status":"closed","ping_status":"open","template":"","meta":{"footnotes":""},"class_list":["post-1128","page","type-page","status-publish","hentry"],"yoast_head":"<!-- This site is optimized with the Yoast SEO plugin v27.5 - https:\/\/yoast.com\/product\/yoast-seo-wordpress\/ -->\n<title>Privatumo politika - South Estonia<\/title>\n<meta name=\"robots\" content=\"noindex, nofollow\" \/>\n<meta property=\"og:locale\" content=\"lt_LT\" \/>\n<meta property=\"og:type\" content=\"article\" \/>\n<meta property=\"og:title\" content=\"Privatumo politika - South Estonia\" \/>\n<meta property=\"og:description\" content=\"Privatumo politika ir asmens duomen\u0173 tvarkymas U\u017e svetain\u0119 Southestonia.ee atsakingas asmuo: O\u00dc Puup\u00f5ld Reg. Nr.: 12800208 Estija, Valgos savivaldyb\u0117, Raavitsa kaimas, 68112 Asmens duomen\u0173 apsauga Asmens duomenys \u2013 tai duomenys, kuriuos O\u00dc Puup\u00f5ld renka paslaugai teikti, asmens tapatybei nustatyti, susisiekti su asmeniu teikiant paslaug\u0105, klausimams spr\u0119sti arba reklaminiam turiniui si\u0173sti. O\u00dc Puup\u00f5ld netvarko jautri\u0173 asmens [&hellip;]\" \/>\n<meta property=\"og:url\" content=\"https:\/\/southestonia.ee\/lt\/privatumo-politika\/\" \/>\n<meta property=\"og:site_name\" content=\"South Estonia\" \/>\n<meta property=\"article:modified_time\" content=\"2026-05-14T12:12:03+00:00\" \/>\n<meta name=\"twitter:card\" content=\"summary_large_image\" \/>\n<meta name=\"twitter:label1\" content=\"Est. reading time\" \/>\n\t<meta name=\"twitter:data1\" content=\"6 minut\u0117s\" \/>\n<script type=\"application\/ld+json\" class=\"yoast-schema-graph\">{\"@context\":\"https:\\\/\\\/schema.org\",\"@graph\":[{\"@type\":\"WebPage\",\"@id\":\"https:\\\/\\\/southestonia.ee\\\/lt\\\/privatumo-politika\\\/\",\"url\":\"https:\\\/\\\/southestonia.ee\\\/lt\\\/privatumo-politika\\\/\",\"name\":\"Privatumo politika - South Estonia\",\"isPartOf\":{\"@id\":\"https:\\\/\\\/southestonia.ee\\\/lt\\\/#website\"},\"datePublished\":\"2024-11-25T12:03:24+00:00\",\"dateModified\":\"2026-05-14T12:12:03+00:00\",\"breadcrumb\":{\"@id\":\"https:\\\/\\\/southestonia.ee\\\/lt\\\/privatumo-politika\\\/#breadcrumb\"},\"inLanguage\":\"lt-LT\",\"potentialAction\":[{\"@type\":\"ReadAction\",\"target\":[\"https:\\\/\\\/southestonia.ee\\\/lt\\\/privatumo-politika\\\/\"]}]},{\"@type\":\"BreadcrumbList\",\"@id\":\"https:\\\/\\\/southestonia.ee\\\/lt\\\/privatumo-politika\\\/#breadcrumb\",\"itemListElement\":[{\"@type\":\"ListItem\",\"position\":1,\"name\":\"Home\",\"item\":\"https:\\\/\\\/southestonia.ee\\\/lt\\\/\"},{\"@type\":\"ListItem\",\"position\":2,\"name\":\"Privatumo politika\"}]},{\"@type\":\"WebSite\",\"@id\":\"https:\\\/\\\/southestonia.ee\\\/lt\\\/#website\",\"url\":\"https:\\\/\\\/southestonia.ee\\\/lt\\\/\",\"name\":\"Southestonia.ee\",\"description\":\"\",\"publisher\":{\"@id\":\"https:\\\/\\\/southestonia.ee\\\/lt\\\/#organization\"},\"potentialAction\":[{\"@type\":\"SearchAction\",\"target\":{\"@type\":\"EntryPoint\",\"urlTemplate\":\"https:\\\/\\\/southestonia.ee\\\/lt\\\/?s={search_term_string}\"},\"query-input\":{\"@type\":\"PropertyValueSpecification\",\"valueRequired\":true,\"valueName\":\"search_term_string\"}}],\"inLanguage\":\"lt-LT\"},{\"@type\":\"Organization\",\"@id\":\"https:\\\/\\\/southestonia.ee\\\/lt\\\/#organization\",\"name\":\"SouthEstonia\",\"url\":\"https:\\\/\\\/southestonia.ee\\\/lt\\\/\",\"logo\":{\"@type\":\"ImageObject\",\"inLanguage\":\"lt-LT\",\"@id\":\"https:\\\/\\\/southestonia.ee\\\/lt\\\/#\\\/schema\\\/logo\\\/image\\\/\",\"url\":\"\",\"contentUrl\":\"\",\"caption\":\"SouthEstonia\"},\"image\":{\"@id\":\"https:\\\/\\\/southestonia.ee\\\/lt\\\/#\\\/schema\\\/logo\\\/image\\\/\"}}]}<\/script>\n<!-- \/ Yoast SEO plugin. -->","yoast_head_json":{"title":"Privatumo politika - South Estonia","robots":{"index":"noindex","follow":"nofollow"},"og_locale":"lt_LT","og_type":"article","og_title":"Privatumo politika - South Estonia","og_description":"Privatumo politika ir asmens duomen\u0173 tvarkymas U\u017e svetain\u0119 Southestonia.ee atsakingas asmuo: O\u00dc Puup\u00f5ld Reg. Nr.: 12800208 Estija, Valgos savivaldyb\u0117, Raavitsa kaimas, 68112 Asmens duomen\u0173 apsauga Asmens duomenys \u2013 tai duomenys, kuriuos O\u00dc Puup\u00f5ld renka paslaugai teikti, asmens tapatybei nustatyti, susisiekti su asmeniu teikiant paslaug\u0105, klausimams spr\u0119sti arba reklaminiam turiniui si\u0173sti. O\u00dc Puup\u00f5ld netvarko jautri\u0173 asmens [&hellip;]","og_url":"https:\/\/southestonia.ee\/lt\/privatumo-politika\/","og_site_name":"South Estonia","article_modified_time":"2026-05-14T12:12:03+00:00","twitter_card":"summary_large_image","twitter_misc":{"Est. reading time":"6 minut\u0117s"},"schema":{"@context":"https:\/\/schema.org","@graph":[{"@type":"WebPage","@id":"https:\/\/southestonia.ee\/lt\/privatumo-politika\/","url":"https:\/\/southestonia.ee\/lt\/privatumo-politika\/","name":"Privatumo politika - South Estonia","isPartOf":{"@id":"https:\/\/southestonia.ee\/lt\/#website"},"datePublished":"2024-11-25T12:03:24+00:00","dateModified":"2026-05-14T12:12:03+00:00","breadcrumb":{"@id":"https:\/\/southestonia.ee\/lt\/privatumo-politika\/#breadcrumb"},"inLanguage":"lt-LT","potentialAction":[{"@type":"ReadAction","target":["https:\/\/southestonia.ee\/lt\/privatumo-politika\/"]}]},{"@type":"BreadcrumbList","@id":"https:\/\/southestonia.ee\/lt\/privatumo-politika\/#breadcrumb","itemListElement":[{"@type":"ListItem","position":1,"name":"Home","item":"https:\/\/southestonia.ee\/lt\/"},{"@type":"ListItem","position":2,"name":"Privatumo politika"}]},{"@type":"WebSite","@id":"https:\/\/southestonia.ee\/lt\/#website","url":"https:\/\/southestonia.ee\/lt\/","name":"Southestonia.ee","description":"","publisher":{"@id":"https:\/\/southestonia.ee\/lt\/#organization"},"potentialAction":[{"@type":"SearchAction","target":{"@type":"EntryPoint","urlTemplate":"https:\/\/southestonia.ee\/lt\/?s={search_term_string}"},"query-input":{"@type":"PropertyValueSpecification","valueRequired":true,"valueName":"search_term_string"}}],"inLanguage":"lt-LT"},{"@type":"Organization","@id":"https:\/\/southestonia.ee\/lt\/#organization","name":"SouthEstonia","url":"https:\/\/southestonia.ee\/lt\/","logo":{"@type":"ImageObject","inLanguage":"lt-LT","@id":"https:\/\/southestonia.ee\/lt\/#\/schema\/logo\/image\/","url":"","contentUrl":"","caption":"SouthEstonia"},"image":{"@id":"https:\/\/southestonia.ee\/lt\/#\/schema\/logo\/image\/"}}]}},"_links":{"self":[{"href":"https:\/\/southestonia.ee\/lt\/wp-json\/wp\/v2\/pages\/1128","targetHints":{"allow":["GET"]}}],"collection":[{"href":"https:\/\/southestonia.ee\/lt\/wp-json\/wp\/v2\/pages"}],"about":[{"href":"https:\/\/southestonia.ee\/lt\/wp-json\/wp\/v2\/types\/page"}],"author":[{"embeddable":true,"href":"https:\/\/southestonia.ee\/lt\/wp-json\/wp\/v2\/users\/3"}],"replies":[{"embeddable":true,"href":"https:\/\/southestonia.ee\/lt\/wp-json\/wp\/v2\/comments?post=1128"}],"version-history":[{"count":1,"href":"https:\/\/southestonia.ee\/lt\/wp-json\/wp\/v2\/pages\/1128\/revisions"}],"predecessor-version":[{"id":1129,"href":"https:\/\/southestonia.ee\/lt\/wp-json\/wp\/v2\/pages\/1128\/revisions\/1129"}],"wp:attachment":[{"href":"https:\/\/southestonia.ee\/lt\/wp-json\/wp\/v2\/media?parent=1128"}],"curies":[{"name":"wp","href":"https:\/\/api.w.org\/{rel}","templated":true}]}}