{"id":994,"date":"2024-11-25T12:03:24","date_gmt":"2024-11-25T12:03:24","guid":{"rendered":"https:\/\/southestonia.ee\/privatuma-politika\/"},"modified":"2026-05-13T08:00:42","modified_gmt":"2026-05-13T08:00:42","slug":"privatuma-politika","status":"publish","type":"page","link":"https:\/\/southestonia.ee\/lv\/privatuma-politika\/","title":{"rendered":"Priv\u0101tuma politika"},"content":{"rendered":"\n<h2 class=\"wp-block-heading\"><strong>Priv\u0101tuma politika un personas datu apstr\u0101de<\/strong><\/h2>\n\n<p>Southestonia.ee t\u012bmek\u013ca vietnes atbild\u012bgais p\u0101rzinis ir:<\/p>\n\n<p>O\u00dc Puup\u00f5ld<\/p>\n\n<p>Re\u0123. nr.: 12800208<\/p>\n\n<p>Igaunija, Valga pagasts, Raavitsa ciems, 68112<\/p>\n\n<p>Personas datu aizsardz\u012bba<\/p>\n\n<p>Personas dati ir dati, kurus O\u00dc Puup\u00f5ld v\u0101c pakalpojuma snieg\u0161anai, personas identific\u0113\u0161anai, sazi\u0146ai ar personu pakalpojuma snieg\u0161anai, jaut\u0101jumu risin\u0101\u0161anai vai rekl\u0101mas satura nos\u016bt\u012b\u0161anai.<\/p>\n\n<p>O\u00dc Puup\u00f5ld neapstr\u0101d\u0101 Eiropas Parlamenta un Padomes Regul\u0101 (ES) 2016\/679 (General Data Protection Regulation jeb GDPR vai EU Regulation 2016\/679) defin\u0113tos sensit\u012bvos personas datus.<\/p>\n\n<p>O\u00dc Puup\u00f5ld ap\u0146emas aizsarg\u0101t klientu un lietot\u0101ju personas datus un vi\u0146u priv\u0101tumu. O\u00dc Puup\u00f5ld darb\u012bba internet\u0101 atbilst vis\u0101m attiec\u012bgaj\u0101m aktivit\u0101t\u0113m un atbilsto\u0161ajiem Eiropas Savien\u012bbas ties\u012bbu aktiem un Igaunijas Republikas likumiem, tostarp Eiropas Parlamenta un Padomes Regulai (ES) 2016\/679. O\u00dc Puup\u00f5ld piem\u0113ro visus piesardz\u012bbas pas\u0101kumus (tostarp administrat\u012bvos, tehniskos un fiziskos pas\u0101kumus) sav\u0101kto personas datu aizsardz\u012bbai. Piek\u013cuve datu main\u012b\u0161anai un apstr\u0101dei ir tikai tam pilnvarot\u0101m person\u0101m.<\/p>\n\n<p>Dro\u0161\u012bba<\/p>\n\n<p>Visi O\u00dc Puup\u00f5ld t\u012bmek\u013ca viet\u0146u apmekl\u0113juma laik\u0101 uzzin\u0101tie personas dati tiek uzskat\u012bti par konfidenci\u0101lu inform\u0101ciju.<\/p>\n\n<p>T\u0101l\u0101k O\u00dc Puup\u00f5ld priv\u0101tuma politikas principi, kas attiecas uz personas datu v\u0101k\u0161anu, apstr\u0101di, izmanto\u0161anu, atkl\u0101\u0161anu, nodo\u0161anu, main\u012b\u0161anu, aizmir\u0161anu un dz\u0113\u0161anu.<\/p>\n\n<p>Nor\u0101d\u012btie principi neattiecas uz juridisko personu un citu uz\u0146\u0113mumu\/iest\u0101\u017eu datu apstr\u0101di un neaptver personas datu apstr\u0101di t\u012bmek\u013ca vietn\u0113s\/pakalpojumu vid\u0113s, uz kur\u0101m m\u016bsu t\u012bmek\u013ca vietn\u0113s\/pakalpojumu vid\u0113s ir atsauces (\u0101r\u0113j\u0101s saites).<\/p>\n\n<p>Uz\u0146\u0113mumu p\u0101rst\u0101vo\u0161\u0101 persona (k\u0101 pakalpojuma pas\u016bt\u012bt\u0101js) nav fiziska persona, runa ir par juridisk\u0101s personas pilnvarotu p\u0101rst\u0101vi, kuras personas datu apstr\u0101di neregul\u0113 Eiropas Parlamenta un Padomes Regula (ES) 2016\/679.<\/p>\n\n<ol class=\"wp-block-list\">\n<li>K\u0101di dati tiek v\u0101kti?<\/li>\n<\/ol>\n\n<ul class=\"wp-block-list\">\n<li>T\u012bmek\u013ca viet\u0146u apmekl\u0113juma laik\u0101 par apmekl\u0113t\u0101ju tiek v\u0101kti nepersonaliz\u0113ti tehniskie dati.<\/li>\n\n\n\n<li>Tehniskie dati aprobe\u017eojas ar izmantot\u0101 datora vai datora t\u012bkla interneta adresi (IP adrese), datora t\u012bmek\u013ca p\u0101rl\u016bka un oper\u0113t\u0101jsist\u0113mas programmat\u016bras versiju, apmekl\u0113juma laiku (pulkste\u0146a laiks, datums, gads) un vietu. IP adreses netiek saist\u012btas ar personu identific\u0113jo\u0161u inform\u0101ciju.<\/li>\n\n\n\n<li>Dati par t\u012bmek\u013ca viet\u0146u apmekl\u0113jumiem un uztur\u0113\u0161anos tiek v\u0101kti, lai uz to pamata uzlabotu t\u012bmek\u013ca vietnes un pakalpojumu vides un padar\u012btu t\u0101s apmekl\u0113t\u0101jiem \u0113rt\u0101kas.<\/li>\n\n\n\n<li>Iepriek\u0161 min\u0113to datu v\u0101k\u0161anai m\u0113s izmantojam automatiz\u0113tu r\u012bku Google Analytics. Ja nev\u0113laties par sevi nodot \u0161os datus, j\u016bs jebkur\u0101 br\u012bd\u012b varat atteikties no savu datu v\u0101k\u0161anas, ko veic Google Analytics, k\u0101 aprakst\u012bts <a href=\"https:\/\/tools.google.com\/dlpage\/gaoptout\/\" target=\"_blank\" rel=\"noreferrer noopener\">\u0161eit<\/a>.<\/li>\n\n\n\n<li>Fizisko personu gad\u012bjum\u0101 v\u0101camie dati ir vajadz\u012bbas gad\u012bjum\u0101 unikalit\u0101tes noteik\u0161anai personas kods, sazi\u0146ai v\u0101rds, e-pasta adrese, mobil\u0101 t\u0101lru\u0146a numurs, atra\u0161an\u0101s pils\u0113ta un valsts.<\/li>\n\n\n\n<li>Juridisko personu datu apstr\u0101dei m\u0113s v\u0101cam re\u0123istr\u0101cijas numuru, PVN numuru, nosaukumu, valsti, adresi, e-pasta adreses sazi\u0146ai un r\u0113\u0137ina nos\u016bt\u012b\u0161anai, uz\u0146\u0113mumu p\u0101rst\u0101vo\u0161o kontaktpersonu v\u0101rdus un vi\u0146u e-pasta adreses un kontaktt\u0101lru\u0146us.<\/li>\n\n\n\n<li>M\u0101rketinga zi\u0146ojumu, kas tiek nos\u016bt\u012bti uz e-pastiem, gad\u012bjum\u0101 m\u0113s varam v\u0101kt inform\u0101ciju par j\u016bsu mijiedarb\u012bbu, piem\u0113ram, vai atv\u0113r\u0101t e-pastu, uz kur\u0101m sait\u0113m j\u016bs klik\u0161\u0137in\u0101t, k\u0101das ier\u012bces tam izmantojat un k\u0101das ir to tehnisk\u0101s \u012bpa\u0161\u012bbas. \u0160\u012b inform\u0101cija tiek saglab\u0101ta katra kontakta v\u0113stur\u0113.<\/li>\n\n\n\n<li>Esot O\u00dc Puup\u00f5ld kontaktu b\u0101z\u0113, m\u0113s varam apstr\u0101d\u0101t j\u016bsu v\u0101rdu un e-pasta adresi vai mobil\u0101 t\u0101lru\u0146a numuru m\u0101rketinga nol\u016bkos ar\u012b soci\u0101lajos pla\u0161sazi\u0146as l\u012bdzek\u013cos un interneta rekl\u0101m\u0101 (Facebook, Instagram, Google). \u0160iem m\u0113r\u0137iem m\u0113s apstr\u0101d\u0101jam j\u016bsu personas datus 5 gadus no j\u016bsu kontakta pievieno\u0161anas kontaktu b\u0101zei. O\u00dc Puup\u00f5ld ir le\u0123it\u012bmas intereses (GDPR 6. panta 1. punkta f) apak\u0161punkts) s\u016bt\u012bt saviem kontaktiem m\u0101rketinga komunik\u0101ciju, lai uztur\u0113tu ar tiem biznesa attiec\u012bbas.<\/li>\n<\/ul>\n\n<p>Pakalpojuma ietvaros uz O\u00dc Puup\u00f5ld vidi aug\u0161upiel\u0101d\u0113tos O\u00dc Puup\u00f5ld klientu apstr\u0101d\u0101tos personas datus aizsarg\u0101 konfidencialit\u0101tes pras\u012bba, kas tiek piem\u0113rota br\u012bd\u012b, kad klients paraksta pakalpojuma l\u012bgumu. O\u00dc Puup\u00f5ld pakalpojumus var izmantot tikai p\u0113c piekri\u0161anas l\u012bgumam. Piekri\u0161ana l\u012bgumam tiek p\u0101rbaud\u012bta programmat\u016briski; ja t\u0101s nav, tiek l\u016bgts piekrist.<\/p>\n\n<p>\u0160aj\u0101 apak\u0161sada\u013c\u0101 uzskait\u012bto personas datu apstr\u0101des m\u0113r\u0137u gad\u012bjum\u0101 datiem piek\u013c\u016bst O\u00dc Puup\u00f5ld darbinieki, kuri sav\u0101 darb\u0101 iev\u0113ro visus dro\u0161\u012bbas pas\u0101kumus, kas attiecas uz j\u016bsu datu apstr\u0101di.<\/p>\n\n<p>Piekri\u0161anu saist\u012bto un pakalpojumam nepiecie\u0161amo personas datu v\u0101k\u0161anai pakalpojuma pas\u016bt\u012b\u0161anas br\u012bd\u012b sniedz pakalpojuma pas\u016bt\u012bt\u0101js. Ar pakalpojuma pas\u016bt\u012b\u0161anu piekri\u0161ana tiek uzskat\u012bta par sniegtu ar attiec\u012bgo laika z\u012bmogu.<\/p>\n\n<ol start=\"2\" class=\"wp-block-list\">\n<li>Cik ilgi sav\u0101ktie dati tiek glab\u0101ti?<\/li>\n<\/ol>\n\n<p>Nepersonaliz\u0113ti tehniskie dati, kas sav\u0101kti t\u012bmek\u013ca vietn\u0113s un pakalpojumu vid\u0113s, tiek glab\u0101ti bez termi\u0146a.<\/p>\n\n<p>Ar personaliz\u0113tiem piepras\u012bjumiem un\/vai dar\u012bjumiem saist\u012btie personas dati tiek glab\u0101ti l\u012bdz 7 gadiem no p\u0113d\u0113j\u0101s mijiedarb\u012bbas ar pakalpojumu sniedz\u0113ju, pamatojoties uz gr\u0101matved\u012bbas likum\u0101 noteikto pien\u0101kumu pier\u0101d\u012bt dar\u012bjumus. Par mijiedarb\u012bbu tiek uzskat\u012bta ar\u012b rea\u0123\u0113\u0161ana uz tie\u0161o m\u0101rketingu, apskatot vai klik\u0161\u0137inot uz saites.<\/p>\n\n<ol start=\"3\" class=\"wp-block-list\">\n<li>Kam sav\u0101ktos datus var nodot?<\/li>\n<\/ol>\n\n<p>O\u00dc Puup\u00f5ld apstr\u0101d\u0101tos personas datus bez personas piekri\u0161anas var nodot tikai iest\u0101dei vai personai, kurai uz to ir tie\u0161i ar likumu noteiktas ties\u012bbas (piem\u0113ram, tiesa vai pirmstiesas izmekl\u0113\u0161anas iest\u0101de) un pamatota vajadz\u012bba.<\/p>\n\n<p>O\u00dc Puup\u00f5ld pakalpojuma ietvaros klientu apstr\u0101d\u0101tie personas dati tiek uzskat\u012bti par konfidenci\u0101liem, un ties\u012bbas \u0161os datus apstr\u0101d\u0101t, izpaust vai nodot ir tikai datu \u012bpa\u0161nieka (klienta) atbild\u012bbas jom\u0101.<\/p>\n\n<p>O\u00dc Puup\u00f5ld klienta uzdevum\u0101 O\u00dc Puup\u00f5ld sniedz tehnisku pal\u012bdz\u012bbu datu apstr\u0101d\u0113, ta\u010du no t\u0101 nemain\u0101s datu \u012bpa\u0161umties\u012bbu un atbild\u012bbas attiec\u012bbas.<\/p>\n\n<ol start=\"4\" class=\"wp-block-list\">\n<li>K\u0101das ties\u012bbas personai ir uz sav\u0101ktajiem datiem?<\/li>\n<\/ol>\n\n<p>Ties\u012bbas iepaz\u012bties ar saviem datiem, tos labot, izbeigt apstr\u0101di.<\/p>\n\n<p>P\u0113c noklus\u0113juma personas dati netiek izpausti, iz\u0146emot gad\u012bjumus, kad par to ir sa\u0146emts attiec\u012bgs apstiprin\u0101jums (dal\u012bba apm\u0101c\u012bb\u0101s \/ semin\u0101ros \/ konferenc\u0113s).<\/p>\n\n<p>Ja personas dati nav main\u0101mi, pieejami, izpausti t\u012bmek\u013ca vietn\u0113 vai pakalpojumu vid\u0113s, mums vajadz\u0113tu personu identific\u0113t \u013caujo\u0161\u0101 veid\u0101 iesniegt piepras\u012bjumu par datu sa\u0146em\u0161anu vai labo\u0161anu. Iesp\u0113ju gad\u012bjum\u0101 dati tiek izsniegti vai laboti 7 darba dienu laik\u0101.<\/p>\n\n<p>Ja v\u0113laties atteikties no tie\u0161\u0101s m\u0101rketinga pied\u0101v\u0101jumiem vis\u0101s vai da\u017e\u0101s t\u0113m\u0101s, to var izdar\u012bt nekav\u0113joties, izmantojot saiti katra nos\u016bt\u012bt\u0101 m\u0101rketinga e-pasta k\u0101jen\u0113. Izmai\u0146as st\u0101jas sp\u0113k\u0101 nekav\u0113joties.<\/p>\n\n<p>Ja personas datu apstr\u0101dei, izpau\u0161anai vai piek\u013cuves nodro\u0161in\u0101\u0161anai datiem (vairs) nav likum\u012bga pamata, var piepras\u012bt datu izmanto\u0161anas izbeig\u0161anu vai dz\u0113\u0161anu, datu izpau\u0161anas vai piek\u013cuves datiem nodro\u0161in\u0101\u0161anas izbeig\u0161anu. \u0160im nol\u016bkam j\u0101iesniedz personu identific\u0113t \u013caujo\u0161\u0101 veid\u0101 piepras\u012bjums.<\/p>\n\n<p>Piepras\u012bjums netiek apmierin\u0101ts, ja:<\/p>\n\n<ul class=\"wp-block-list\">\n<li>tas var kait\u0113t citas personas ties\u012bb\u0101m un br\u012bv\u012bb\u0101m,<\/li>\n\n\n\n<li>tas var trauc\u0113t pakalpojuma snieg\u0161anu vai pakalpojuma nesnieg\u0161anu,<\/li>\n\n\n\n<li>tas var trauc\u0113t ties\u012bbaizsardz\u012bbas iest\u0101\u017eu darbu,<\/li>\n\n\n\n<li>tas tehniski nav nepiecie\u0161ams un\/vai iesp\u0113jams.<\/li>\n\n\n\n<li>piepras\u012bt\u0101ja persona ar datiem juridiski nav saist\u012bta.<\/li>\n\n\n\n<li>piepras\u012bt\u0101ja personu nav iesp\u0113jams identific\u0113t.<\/li>\n<\/ul>\n\n<p><strong>Piem\u0113ram<\/strong>:<\/p>\n\n<p>\u2013 Nevar dz\u0113st e-pasta adresi, ja uz to vairs nev\u0113laties sa\u0146emt tie\u0161\u0101s m\u0101rketinga pied\u0101v\u0101jumus. Lai izpild\u012btu pras\u012bbu, e-pasta adresei j\u0101paliek, ar kuru sal\u012bdzin\u0101t \u2013 lai netiktu nos\u016bt\u012bts e-pasts.<\/p>\n\n<p>\u2013 Nevar dz\u0113st no CRM visus datus, ja vair\u0101k netiek v\u0113l\u0113ta sazi\u0146a. Lai izpild\u012btu pras\u012bbu, j\u0101paliek pietiekami daudz datu, ar kuriem sal\u012bdzin\u0101t \u2013 lai netiek veikta sazi\u0146a.<\/p>\n\n<p>Priv\u0101tuma politikas noteikumi un izmai\u0146as<\/p>\n\n<p>Lietojot O\u00dc Puup\u00f5ld t\u012bmek\u013ca vietnes, j\u016bs esat iepazinies ar \u0161iem principiem un noteikumiem un esat tiem piekritis. M\u0113s paturam ties\u012bbas vajadz\u012bbas gad\u012bjum\u0101 main\u012bt priv\u0101tuma politikas visp\u0101r\u012bgos noteikumus, par to inform\u0113jot visas saist\u012bt\u0101s personas.<\/p>\n","protected":false},"excerpt":{"rendered":"<p>Priv\u0101tuma politika un personas datu apstr\u0101de Southestonia.ee t\u012bmek\u013ca vietnes atbild\u012bgais p\u0101rzinis ir: O\u00dc Puup\u00f5ld Re\u0123. nr.: 12800208 Igaunija, Valga pagasts, Raavitsa ciems, 68112 Personas datu aizsardz\u012bba Personas dati ir dati, kurus O\u00dc Puup\u00f5ld v\u0101c pakalpojuma snieg\u0161anai, personas identific\u0113\u0161anai, sazi\u0146ai ar personu pakalpojuma snieg\u0161anai, jaut\u0101jumu risin\u0101\u0161anai vai rekl\u0101mas satura nos\u016bt\u012b\u0161anai. O\u00dc Puup\u00f5ld neapstr\u0101d\u0101 Eiropas Parlamenta un [&hellip;]<\/p>\n","protected":false},"author":3,"featured_media":0,"parent":0,"menu_order":0,"comment_status":"closed","ping_status":"open","template":"","meta":{"footnotes":""},"class_list":["post-994","page","type-page","status-publish","hentry"],"yoast_head":"<!-- This site is optimized with the Yoast SEO plugin v27.5 - https:\/\/yoast.com\/product\/yoast-seo-wordpress\/ -->\n<title>Priv\u0101tuma politika - South Estonia<\/title>\n<meta name=\"robots\" content=\"noindex, nofollow\" \/>\n<meta property=\"og:locale\" content=\"lv_LV\" \/>\n<meta property=\"og:type\" content=\"article\" \/>\n<meta property=\"og:title\" content=\"Priv\u0101tuma politika - South Estonia\" \/>\n<meta property=\"og:description\" content=\"Priv\u0101tuma politika un personas datu apstr\u0101de Southestonia.ee t\u012bmek\u013ca vietnes atbild\u012bgais p\u0101rzinis ir: O\u00dc Puup\u00f5ld Re\u0123. nr.: 12800208 Igaunija, Valga pagasts, Raavitsa ciems, 68112 Personas datu aizsardz\u012bba Personas dati ir dati, kurus O\u00dc Puup\u00f5ld v\u0101c pakalpojuma snieg\u0161anai, personas identific\u0113\u0161anai, sazi\u0146ai ar personu pakalpojuma snieg\u0161anai, jaut\u0101jumu risin\u0101\u0161anai vai rekl\u0101mas satura nos\u016bt\u012b\u0161anai. O\u00dc Puup\u00f5ld neapstr\u0101d\u0101 Eiropas Parlamenta un [&hellip;]\" \/>\n<meta property=\"og:url\" content=\"https:\/\/southestonia.ee\/lv\/privatuma-politika\/\" \/>\n<meta property=\"og:site_name\" content=\"South Estonia\" \/>\n<meta property=\"article:modified_time\" content=\"2026-05-13T08:00:42+00:00\" \/>\n<meta name=\"twitter:card\" content=\"summary_large_image\" \/>\n<meta name=\"twitter:label1\" content=\"Est. reading time\" \/>\n\t<meta name=\"twitter:data1\" content=\"8 min\u016btes\" \/>\n<script type=\"application\/ld+json\" class=\"yoast-schema-graph\">{\"@context\":\"https:\\\/\\\/schema.org\",\"@graph\":[{\"@type\":\"WebPage\",\"@id\":\"https:\\\/\\\/southestonia.ee\\\/lv\\\/privatuma-politika\\\/\",\"url\":\"https:\\\/\\\/southestonia.ee\\\/lv\\\/privatuma-politika\\\/\",\"name\":\"Priv\u0101tuma politika - South Estonia\",\"isPartOf\":{\"@id\":\"https:\\\/\\\/southestonia.ee\\\/lv\\\/#website\"},\"datePublished\":\"2024-11-25T12:03:24+00:00\",\"dateModified\":\"2026-05-13T08:00:42+00:00\",\"breadcrumb\":{\"@id\":\"https:\\\/\\\/southestonia.ee\\\/lv\\\/privatuma-politika\\\/#breadcrumb\"},\"inLanguage\":\"lv-LV\",\"potentialAction\":[{\"@type\":\"ReadAction\",\"target\":[\"https:\\\/\\\/southestonia.ee\\\/lv\\\/privatuma-politika\\\/\"]}]},{\"@type\":\"BreadcrumbList\",\"@id\":\"https:\\\/\\\/southestonia.ee\\\/lv\\\/privatuma-politika\\\/#breadcrumb\",\"itemListElement\":[{\"@type\":\"ListItem\",\"position\":1,\"name\":\"Home\",\"item\":\"https:\\\/\\\/southestonia.ee\\\/lv\\\/\"},{\"@type\":\"ListItem\",\"position\":2,\"name\":\"Priv\u0101tuma politika\"}]},{\"@type\":\"WebSite\",\"@id\":\"https:\\\/\\\/southestonia.ee\\\/lv\\\/#website\",\"url\":\"https:\\\/\\\/southestonia.ee\\\/lv\\\/\",\"name\":\"Southestonia.ee\",\"description\":\"\",\"publisher\":{\"@id\":\"https:\\\/\\\/southestonia.ee\\\/lv\\\/#organization\"},\"potentialAction\":[{\"@type\":\"SearchAction\",\"target\":{\"@type\":\"EntryPoint\",\"urlTemplate\":\"https:\\\/\\\/southestonia.ee\\\/lv\\\/?s={search_term_string}\"},\"query-input\":{\"@type\":\"PropertyValueSpecification\",\"valueRequired\":true,\"valueName\":\"search_term_string\"}}],\"inLanguage\":\"lv-LV\"},{\"@type\":\"Organization\",\"@id\":\"https:\\\/\\\/southestonia.ee\\\/lv\\\/#organization\",\"name\":\"SouthEstonia\",\"url\":\"https:\\\/\\\/southestonia.ee\\\/lv\\\/\",\"logo\":{\"@type\":\"ImageObject\",\"inLanguage\":\"lv-LV\",\"@id\":\"https:\\\/\\\/southestonia.ee\\\/lv\\\/#\\\/schema\\\/logo\\\/image\\\/\",\"url\":\"\",\"contentUrl\":\"\",\"caption\":\"SouthEstonia\"},\"image\":{\"@id\":\"https:\\\/\\\/southestonia.ee\\\/lv\\\/#\\\/schema\\\/logo\\\/image\\\/\"}}]}<\/script>\n<!-- \/ Yoast SEO plugin. -->","yoast_head_json":{"title":"Priv\u0101tuma politika - South Estonia","robots":{"index":"noindex","follow":"nofollow"},"og_locale":"lv_LV","og_type":"article","og_title":"Priv\u0101tuma politika - South Estonia","og_description":"Priv\u0101tuma politika un personas datu apstr\u0101de Southestonia.ee t\u012bmek\u013ca vietnes atbild\u012bgais p\u0101rzinis ir: O\u00dc Puup\u00f5ld Re\u0123. nr.: 12800208 Igaunija, Valga pagasts, Raavitsa ciems, 68112 Personas datu aizsardz\u012bba Personas dati ir dati, kurus O\u00dc Puup\u00f5ld v\u0101c pakalpojuma snieg\u0161anai, personas identific\u0113\u0161anai, sazi\u0146ai ar personu pakalpojuma snieg\u0161anai, jaut\u0101jumu risin\u0101\u0161anai vai rekl\u0101mas satura nos\u016bt\u012b\u0161anai. O\u00dc Puup\u00f5ld neapstr\u0101d\u0101 Eiropas Parlamenta un [&hellip;]","og_url":"https:\/\/southestonia.ee\/lv\/privatuma-politika\/","og_site_name":"South Estonia","article_modified_time":"2026-05-13T08:00:42+00:00","twitter_card":"summary_large_image","twitter_misc":{"Est. reading time":"8 min\u016btes"},"schema":{"@context":"https:\/\/schema.org","@graph":[{"@type":"WebPage","@id":"https:\/\/southestonia.ee\/lv\/privatuma-politika\/","url":"https:\/\/southestonia.ee\/lv\/privatuma-politika\/","name":"Priv\u0101tuma politika - South Estonia","isPartOf":{"@id":"https:\/\/southestonia.ee\/lv\/#website"},"datePublished":"2024-11-25T12:03:24+00:00","dateModified":"2026-05-13T08:00:42+00:00","breadcrumb":{"@id":"https:\/\/southestonia.ee\/lv\/privatuma-politika\/#breadcrumb"},"inLanguage":"lv-LV","potentialAction":[{"@type":"ReadAction","target":["https:\/\/southestonia.ee\/lv\/privatuma-politika\/"]}]},{"@type":"BreadcrumbList","@id":"https:\/\/southestonia.ee\/lv\/privatuma-politika\/#breadcrumb","itemListElement":[{"@type":"ListItem","position":1,"name":"Home","item":"https:\/\/southestonia.ee\/lv\/"},{"@type":"ListItem","position":2,"name":"Priv\u0101tuma politika"}]},{"@type":"WebSite","@id":"https:\/\/southestonia.ee\/lv\/#website","url":"https:\/\/southestonia.ee\/lv\/","name":"Southestonia.ee","description":"","publisher":{"@id":"https:\/\/southestonia.ee\/lv\/#organization"},"potentialAction":[{"@type":"SearchAction","target":{"@type":"EntryPoint","urlTemplate":"https:\/\/southestonia.ee\/lv\/?s={search_term_string}"},"query-input":{"@type":"PropertyValueSpecification","valueRequired":true,"valueName":"search_term_string"}}],"inLanguage":"lv-LV"},{"@type":"Organization","@id":"https:\/\/southestonia.ee\/lv\/#organization","name":"SouthEstonia","url":"https:\/\/southestonia.ee\/lv\/","logo":{"@type":"ImageObject","inLanguage":"lv-LV","@id":"https:\/\/southestonia.ee\/lv\/#\/schema\/logo\/image\/","url":"","contentUrl":"","caption":"SouthEstonia"},"image":{"@id":"https:\/\/southestonia.ee\/lv\/#\/schema\/logo\/image\/"}}]}},"_links":{"self":[{"href":"https:\/\/southestonia.ee\/lv\/wp-json\/wp\/v2\/pages\/994","targetHints":{"allow":["GET"]}}],"collection":[{"href":"https:\/\/southestonia.ee\/lv\/wp-json\/wp\/v2\/pages"}],"about":[{"href":"https:\/\/southestonia.ee\/lv\/wp-json\/wp\/v2\/types\/page"}],"author":[{"embeddable":true,"href":"https:\/\/southestonia.ee\/lv\/wp-json\/wp\/v2\/users\/3"}],"replies":[{"embeddable":true,"href":"https:\/\/southestonia.ee\/lv\/wp-json\/wp\/v2\/comments?post=994"}],"version-history":[{"count":1,"href":"https:\/\/southestonia.ee\/lv\/wp-json\/wp\/v2\/pages\/994\/revisions"}],"predecessor-version":[{"id":995,"href":"https:\/\/southestonia.ee\/lv\/wp-json\/wp\/v2\/pages\/994\/revisions\/995"}],"wp:attachment":[{"href":"https:\/\/southestonia.ee\/lv\/wp-json\/wp\/v2\/media?parent=994"}],"curies":[{"name":"wp","href":"https:\/\/api.w.org\/{rel}","templated":true}]}}